{"id":28751,"date":"2017-04-13T14:54:41","date_gmt":"2017-04-13T12:54:41","guid":{"rendered":"https:\/\/www.wendepunkt-freiburg.de\/content\/main\/praevention\/unser-praeventionsangebot\/"},"modified":"2021-02-28T15:45:09","modified_gmt":"2021-02-28T14:45:09","slug":"praeventionsangebot","status":"publish","type":"page","link":"https:\/\/www.wendepunkt-freiburg.de\/content\/main\/praevention\/praeventionsangebot\/","title":{"rendered":"\u00dcberblick \u00fcber unsere Angebote"},"content":{"rendered":"<p>[et_pb_section fb_built=&#8220;1&#8243; fullwidth=&#8220;on&#8220; admin_label=&#8220;Sektion&#8220; _builder_version=&#8220;3.22&#8243; transparent_background=&#8220;off&#8220; make_fullwidth=&#8220;off&#8220; use_custom_width=&#8220;off&#8220; width_unit=&#8220;on&#8220;][et_pb_fullwidth_header title=&#8220;Pr\u00e4vention&#8220; subhead=&#8220;Unsere Ma\u00dfnahmen. Unsere Angebote.&#8220; header_fullscreen=&#8220;on&#8220; header_scroll_down=&#8220;on&#8220; button_one_text=&#8220;Pr\u00e4vention f\u00fcr M\u00e4dchen und Jungen&#8220; button_one_url=&#8220;#kinder&#8220; button_two_text=&#8220;F\u00fcr Bezugspersonen und Fachkr\u00e4fte&#8220; button_two_url=&#8220;#erwachsene&#8220; background_overlay_color=&#8220;rgba(0,0,0,0.1)&#8220; content_max_width=&#8220;none&#8220; admin_label=&#8220;Vollbreite Kopfzeile&#8220; _builder_version=&#8220;4.9.0&#8243; title_font_size=&#8220;40&#8243; subhead_font_size=&#8220;24&#8243; background_color=&#8220;rgba(255, 255, 255, 0)&#8220; background_image=&#8220;https:\/\/www.wendepunkt-freiburg.de\/content\/wp-content\/uploads\/2017\/04\/WEP-Widescreen-Rettungsring.jpg&#8220; parallax=&#8220;on&#8220; custom_button_one=&#8220;on&#8220; button_one_icon=&#8220;%%26%%&#8220; button_one_on_hover=&#8220;off&#8220; custom_button_two=&#8220;on&#8220; button_two_icon=&#8220;%%26%%&#8220; button_two_on_hover=&#8220;off&#8220; custom_css_title=&#8220;text-shadow: 1px 1px 2px rgba(0,0,0,0.5);&#8220; custom_css_subtitle=&#8220;text-shadow: 1px 1px 2px rgba(0,0,0,0.5);&#8220; background_url=&#8220;https:\/\/www.wendepunkt-freiburg.de\/content\/wp-content\/uploads\/2017\/04\/WEP-Widescreen-Rettungsring.jpg&#8220; button_one_letter_spacing_hover=&#8220;0&#8243; button_two_letter_spacing_hover=&#8220;0&#8243; button_one_text_size__hover_enabled=&#8220;off&#8220; button_two_text_size__hover_enabled=&#8220;off&#8220; button_one_text_color__hover_enabled=&#8220;off&#8220; button_two_text_color__hover_enabled=&#8220;off&#8220; button_one_border_width__hover_enabled=&#8220;off&#8220; button_two_border_width__hover_enabled=&#8220;off&#8220; button_one_border_color__hover_enabled=&#8220;off&#8220; button_two_border_color__hover_enabled=&#8220;off&#8220; button_one_border_radius__hover_enabled=&#8220;off&#8220; button_two_border_radius__hover_enabled=&#8220;off&#8220; button_one_letter_spacing__hover_enabled=&#8220;on&#8220; button_one_letter_spacing__hover=&#8220;0&#8243; button_two_letter_spacing__hover_enabled=&#8220;on&#8220; button_two_letter_spacing__hover=&#8220;0&#8243; button_one_bg_color__hover_enabled=&#8220;off&#8220; button_two_bg_color__hover_enabled=&#8220;off&#8220;][\/et_pb_fullwidth_header][\/et_pb_section][et_pb_section fb_built=&#8220;1&#8243; admin_label=&#8220;Sektion&#8220; module_id=&#8220;kinder&#8220; _builder_version=&#8220;3.22&#8243; background_color=&#8220;#7cda24&#8243; transparent_background=&#8220;off&#8220; make_fullwidth=&#8220;off&#8220; use_custom_width=&#8220;off&#8220; width_unit=&#8220;on&#8220;][et_pb_row admin_label=&#8220;Zeile&#8220; _builder_version=&#8220;3.25&#8243; background_size=&#8220;initial&#8220; background_position=&#8220;top_left&#8220; background_repeat=&#8220;repeat&#8220;][et_pb_column type=&#8220;4_4&#8243; _builder_version=&#8220;3.25&#8243; custom_padding=&#8220;|||&#8220; custom_padding__hover=&#8220;|||&#8220;][et_pb_text admin_label=&#8220;Aufgekl\u00e4rte Kinder durch Pr\u00e4ventionsarbeit&#8220; _builder_version=&#8220;3.27.4&#8243; background_size=&#8220;initial&#8220; background_position=&#8220;top_left&#8220; background_repeat=&#8220;repeat&#8220; text_orientation=&#8220;center&#8220; background_layout=&#8220;dark&#8220; module_alignment=&#8220;center&#8220; use_border_color=&#8220;off&#8220; border_color=&#8220;#ffffff&#8220; border_style=&#8220;solid&#8220;]<\/p>\n<h1>Aufgekl\u00e4rte Kinder durch Pr\u00e4ventionsarbeit<\/h1>\n<p>[\/et_pb_text][\/et_pb_column][\/et_pb_row][\/et_pb_section][et_pb_section fb_built=&#8220;1&#8243; admin_label=&#8220;Sektion&#8220; _builder_version=&#8220;3.22&#8243;][et_pb_row admin_label=&#8220;Zeile&#8220; _builder_version=&#8220;3.25&#8243; background_size=&#8220;initial&#8220; background_position=&#8220;top_left&#8220; background_repeat=&#8220;repeat&#8220;][et_pb_column type=&#8220;4_4&#8243; _builder_version=&#8220;3.25&#8243; custom_padding=&#8220;|||&#8220; custom_padding__hover=&#8220;|||&#8220;][et_pb_text admin_label=&#8220;Text Kindergarten Schulen Elternabende NoGo&#8220; _builder_version=&#8220;3.27.4&#8243; background_size=&#8220;initial&#8220; background_position=&#8220;top_left&#8220; background_repeat=&#8220;repeat&#8220; use_border_color=&#8220;off&#8220; border_color=&#8220;#ffffff&#8220; border_style=&#8220;solid&#8220;]Wendepunkt bietet zahlreiche Pr\u00e4ventionsm\u00f6glichkeiten und Fortbildungen zu verschiedenen Themenbereichen an. Wir st\u00e4rken Kinder, damit sie schon fr\u00fch\u00a0vor Missbrauch gesch\u00fctzt sind. Unter anderem finden Eltern und Bezugspersonen, wie auch p\u00e4dagogische und psychologische Fachkr\u00e4fte eine Anlaufstelle bei uns.<br \/>\n[\/et_pb_text][\/et_pb_column][\/et_pb_row][\/et_pb_section][et_pb_section fb_built=&#8220;1&#8243; admin_label=&#8220;Sektion&#8220; _builder_version=&#8220;3.22&#8243;][et_pb_row column_structure=&#8220;1_2,1_2&#8243; admin_label=&#8220;Zeile&#8220; _builder_version=&#8220;3.25&#8243; background_size=&#8220;initial&#8220; background_position=&#8220;top_left&#8220; background_repeat=&#8220;repeat&#8220;][et_pb_column type=&#8220;1_2&#8243; _builder_version=&#8220;3.25&#8243; custom_padding=&#8220;|||&#8220; custom_padding__hover=&#8220;|||&#8220;][et_pb_text admin_label=&#8220;Text&#8220; _builder_version=&#8220;4.9.0&#8243; background_size=&#8220;initial&#8220; background_position=&#8220;top_left&#8220; background_repeat=&#8220;repeat&#8220; use_border_color=&#8220;off&#8220; border_color=&#8220;#ffffff&#8220; border_style=&#8220;solid&#8220;]<\/p>\n<p><strong>PugS<\/strong> (Pr\u00e4vention und geschlechtsspezifische Sexualp\u00e4dagogik) ist f\u00fcr M\u00e4dchen und Jungen im Kindergartenalter gedacht.\u00a0<\/p>\n<p>Grundschulen werden mit unserem Theaterst\u00fcck &#8222;<strong>Hau ab du Angst<\/strong>&#8220; kindgerecht an das Thema sexueller Missbrauch und die Wahrnehmung der eigenen Grenzen herangef\u00fchrt.<\/p>\n<p>In der weiterf\u00fchrenden Schule haben sich <strong>Workshops<\/strong> bew\u00e4hrt, wo auch aktuelle Themen wie Cybermobbing und Sexting angesprochen werden k\u00f6nnen. Es wird gemeinsam erarbeitet, wie man sich in unangenehmen Situationen selbst sch\u00fctzen kann.<\/p>\n<p>[\/et_pb_text][\/et_pb_column][et_pb_column type=&#8220;1_2&#8243; _builder_version=&#8220;3.25&#8243; custom_padding=&#8220;|||&#8220; custom_padding__hover=&#8220;|||&#8220;][et_pb_text admin_label=&#8220;Text&#8220; _builder_version=&#8220;3.27.4&#8243; background_size=&#8220;initial&#8220; background_position=&#8220;top_left&#8220; background_repeat=&#8220;repeat&#8220; use_border_color=&#8220;off&#8220; border_color=&#8220;#ffffff&#8220; border_style=&#8220;solid&#8220;]Erg\u00e4nzend stellt &#8222;<strong>No GO<\/strong>&#8220; &#8211; unser Pr\u00e4ventionsprojekt f\u00fcr sexuell grenzverletzende Kinder bis 14 Jahren &#8211; ein wichtiges Instrument zum Opferschutz dar.<\/p>\n<p><strong>Elternabende<\/strong> beziehen in allen Altersstufen die Eltern\u00a0und Erziehungsberechtigten in die Thematik mit ein.<br \/>\n[\/et_pb_text][\/et_pb_column][\/et_pb_row][\/et_pb_section][et_pb_section fb_built=&#8220;1&#8243; admin_label=&#8220;Sektion&#8220; module_id=&#8220;erwachsene&#8220; _builder_version=&#8220;3.22&#8243; background_color=&#8220;#7cda24&#8243; transparent_background=&#8220;off&#8220; make_fullwidth=&#8220;off&#8220; use_custom_width=&#8220;off&#8220; width_unit=&#8220;on&#8220;][et_pb_row admin_label=&#8220;Zeile&#8220; _builder_version=&#8220;3.25&#8243; background_size=&#8220;initial&#8220; background_position=&#8220;top_left&#8220; background_repeat=&#8220;repeat&#8220;][et_pb_column type=&#8220;4_4&#8243; _builder_version=&#8220;3.25&#8243; custom_padding=&#8220;|||&#8220; custom_padding__hover=&#8220;|||&#8220;][et_pb_text admin_label=&#8220;gest\u00e4rkte Bezugspersonen und Fachkr\u00e4fte durch Aufkl\u00e4rung&#8220; _builder_version=&#8220;3.27.4&#8243; background_size=&#8220;initial&#8220; background_position=&#8220;top_left&#8220; background_repeat=&#8220;repeat&#8220; text_orientation=&#8220;center&#8220; background_layout=&#8220;dark&#8220; module_alignment=&#8220;center&#8220; use_border_color=&#8220;off&#8220; border_color=&#8220;#ffffff&#8220; border_style=&#8220;solid&#8220;]<\/p>\n<h1>Gest\u00e4rkte Bezugspersonen und Fachkr\u00e4fte durch Aufkl\u00e4rung<\/h1>\n<p>[\/et_pb_text][\/et_pb_column][\/et_pb_row][\/et_pb_section][et_pb_section fb_built=&#8220;1&#8243; admin_label=&#8220;Sektion&#8220; _builder_version=&#8220;3.22&#8243;][et_pb_row column_structure=&#8220;1_2,1_2&#8243; admin_label=&#8220;Zeile&#8220; _builder_version=&#8220;3.25&#8243; background_size=&#8220;initial&#8220; background_position=&#8220;top_left&#8220; background_repeat=&#8220;repeat&#8220;][et_pb_column type=&#8220;1_2&#8243; _builder_version=&#8220;3.25&#8243; custom_padding=&#8220;|||&#8220; custom_padding__hover=&#8220;|||&#8220;][et_pb_text admin_label=&#8220;Text Eltern und Lehrer Beratungen&#8220; _builder_version=&#8220;3.27.4&#8243; background_size=&#8220;initial&#8220; background_position=&#8220;top_left&#8220; background_repeat=&#8220;repeat&#8220; use_border_color=&#8220;off&#8220; border_color=&#8220;#ffffff&#8220; border_style=&#8220;solid&#8220;]<strong>Eltern<\/strong> und <strong>nahe Bezugspersonen<\/strong>, deren Kinder unmittelbar von einem \u00dcbergriff betroffen sind, oder in ihrem Umfeld Missbrauch vermuten, k\u00f6nnen sich ebenfalls an uns wenden. Wir beraten und begleiten Sie in dieser Situation, die oftmals emotional schwer auszuhalten ist.<\/p>\n<p>Die Konfrontation mit sexuellem Missbrauch in der eigenen Klasse, ber\u00fchrt jeden <strong>P\u00e4dagogen<\/strong> &#8211; auch hier beraten wir, wie bei Verdachtsmomenten besonnen gehandelt werden und das Kind gesch\u00fctzt werden kann.<br \/>\n[\/et_pb_text][\/et_pb_column][et_pb_column type=&#8220;1_2&#8243; _builder_version=&#8220;3.25&#8243; custom_padding=&#8220;|||&#8220; custom_padding__hover=&#8220;|||&#8220;][et_pb_text admin_label=&#8220;Text Fortbildungen&#8220; _builder_version=&#8220;3.27.4&#8243; background_size=&#8220;initial&#8220; background_position=&#8220;top_left&#8220; background_repeat=&#8220;repeat&#8220; use_border_color=&#8220;off&#8220; border_color=&#8220;#ffffff&#8220; border_style=&#8220;solid&#8220;]Dar\u00fcber hinaus gestalten wir gemeinsam mit Ihnen individuell zugeschnittene <strong>Fortbildungskonzepte<\/strong> (Bausteinsystem) f\u00fcr alle, die haupt- oder ehrenamtlich mit Kindern, Jugendlichen oder erwachsenen Schutzbed\u00fcrftigen arbeiten.<br \/>\n[\/et_pb_text][\/et_pb_column][\/et_pb_row][\/et_pb_section]<\/p>\n","protected":false},"excerpt":{"rendered":"<p>Aufgekl\u00e4rte Kinder durch Pr\u00e4ventionsarbeit Wendepunkt bietet zahlreiche Pr\u00e4ventionsm\u00f6glichkeiten und Fortbildungen zu verschiedenen Themenbereichen an. Wir st\u00e4rken Kinder, damit sie schon fr\u00fch\u00a0vor Missbrauch gesch\u00fctzt sind. Unter anderem finden Eltern und Bezugspersonen, wie auch p\u00e4dagogische und psychologische Fachkr\u00e4fte eine Anlaufstelle bei uns. PugS (Pr\u00e4vention und geschlechtsspezifische Sexualp\u00e4dagogik) ist f\u00fcr M\u00e4dchen und Jungen im Kindergartenalter gedacht.\u00a0 Grundschulen werden mit unserem Theaterst\u00fcck &#8222;Hau ab du Angst&#8220; kindgerecht an das Thema sexueller Missbrauch und die Wahrnehmung der eigenen Grenzen herangef\u00fchrt. In der weiterf\u00fchrenden Schule haben sich Workshops bew\u00e4hrt, wo auch aktuelle Themen wie Cybermobbing und Sexting angesprochen werden k\u00f6nnen. Es wird gemeinsam erarbeitet, wie man sich in unangenehmen Situationen selbst sch\u00fctzen kann.Erg\u00e4nzend stellt &#8222;No GO&#8220; &#8211; unser Pr\u00e4ventionsprojekt f\u00fcr sexuell grenzverletzende Kinder bis 14 Jahren &#8211; ein wichtiges Instrument zum Opferschutz dar. Elternabende beziehen in allen Altersstufen die Eltern\u00a0und Erziehungsberechtigten in die Thematik mit ein. Gest\u00e4rkte Bezugspersonen und Fachkr\u00e4fte durch Aufkl\u00e4rung Eltern und nahe Bezugspersonen, deren Kinder unmittelbar von einem \u00dcbergriff betroffen sind, oder in ihrem Umfeld Missbrauch vermuten, k\u00f6nnen sich ebenfalls an uns wenden. Wir beraten und begleiten Sie in dieser Situation, die oftmals emotional schwer auszuhalten ist. Die Konfrontation mit sexuellem Missbrauch in der eigenen Klasse, ber\u00fchrt jeden P\u00e4dagogen &#8211; auch hier beraten [&hellip;]<\/p>\n","protected":false},"author":1,"featured_media":0,"parent":28749,"menu_order":3,"comment_status":"closed","ping_status":"closed","template":"","meta":{"_et_pb_use_builder":"on","_et_pb_old_content":"","_et_gb_content_width":"","footnotes":""},"class_list":["post-28751","page","type-page","status-publish","hentry"],"_links":{"self":[{"href":"https:\/\/www.wendepunkt-freiburg.de\/content\/wp-json\/wp\/v2\/pages\/28751","targetHints":{"allow":["GET"]}}],"collection":[{"href":"https:\/\/www.wendepunkt-freiburg.de\/content\/wp-json\/wp\/v2\/pages"}],"about":[{"href":"https:\/\/www.wendepunkt-freiburg.de\/content\/wp-json\/wp\/v2\/types\/page"}],"author":[{"embeddable":true,"href":"https:\/\/www.wendepunkt-freiburg.de\/content\/wp-json\/wp\/v2\/users\/1"}],"replies":[{"embeddable":true,"href":"https:\/\/www.wendepunkt-freiburg.de\/content\/wp-json\/wp\/v2\/comments?post=28751"}],"version-history":[{"count":0,"href":"https:\/\/www.wendepunkt-freiburg.de\/content\/wp-json\/wp\/v2\/pages\/28751\/revisions"}],"up":[{"embeddable":true,"href":"https:\/\/www.wendepunkt-freiburg.de\/content\/wp-json\/wp\/v2\/pages\/28749"}],"wp:attachment":[{"href":"https:\/\/www.wendepunkt-freiburg.de\/content\/wp-json\/wp\/v2\/media?parent=28751"}],"curies":[{"name":"wp","href":"https:\/\/api.w.org\/{rel}","templated":true}]}}