{"id":28767,"date":"2017-04-13T15:14:27","date_gmt":"2017-04-13T13:14:27","guid":{"rendered":"https:\/\/www.wendepunkt-freiburg.de\/content\/top\/news-veranstaltungen\/"},"modified":"2024-07-29T14:19:52","modified_gmt":"2024-07-29T12:19:52","slug":"literatur-erwachsene","status":"publish","type":"page","link":"https:\/\/www.wendepunkt-freiburg.de\/content\/main\/fuer-frauen-maenner\/literatur-erwachsene\/","title":{"rendered":"Literatur f\u00fcr Erwachsene"},"content":{"rendered":"<p>[et_pb_section fb_built=&#8220;1&#8243; fullwidth=&#8220;on&#8220; _builder_version=&#8220;4.16&#8243; transparent_background=&#8220;off&#8220; make_fullwidth=&#8220;off&#8220; use_custom_width=&#8220;off&#8220; width_unit=&#8220;on&#8220; global_colors_info=&#8220;{}&#8220;][et_pb_fullwidth_header title=&#8220;Lesen hilft.&#8220; subhead=&#8220;Unsere Lesetipps f\u00fcr Frauen* und M\u00e4nner*.&#8220; header_fullscreen=&#8220;on&#8220; header_scroll_down=&#8220;on&#8220; background_overlay_color=&#8220;rgba(0,0,0,0.1)&#8220; content_max_width=&#8220;none&#8220; _builder_version=&#8220;4.27.0&#8243; title_font_size=&#8220;40&#8243; subhead_font_size=&#8220;24&#8243; background_color=&#8220;rgba(255, 255, 255, 0)&#8220; background_image=&#8220;https:\/\/www.wendepunkt-freiburg.de\/content\/wp-content\/uploads\/2017\/04\/WEP-Widescreen-FrauBuchWiese.jpg&#8220; parallax=&#8220;on&#8220; hover_enabled=&#8220;0&#8243; custom_css_title=&#8220;text-shadow: 1px 1px 2px rgba(0,0,0,0.5);&#8220; custom_css_subtitle=&#8220;text-shadow: 1px 1px 2px rgba(0,0,0,0.5);&#8220; background_url=&#8220;https:\/\/www.wendepunkt-freiburg.de\/content\/wp-content\/uploads\/2017\/04\/WEP-Widescreen-FrauBuchWiese.jpg&#8220; button_one_letter_spacing_hover=&#8220;0&#8243; button_two_letter_spacing_hover=&#8220;0&#8243; global_colors_info=&#8220;{}&#8220; button_one_text_size__hover_enabled=&#8220;off&#8220; button_one_text_size__hover=&#8220;null&#8220; button_two_text_size__hover_enabled=&#8220;off&#8220; button_two_text_size__hover=&#8220;null&#8220; button_one_text_color__hover_enabled=&#8220;off&#8220; button_one_text_color__hover=&#8220;null&#8220; button_two_text_color__hover_enabled=&#8220;off&#8220; button_two_text_color__hover=&#8220;null&#8220; button_one_border_width__hover_enabled=&#8220;off&#8220; button_one_border_width__hover=&#8220;null&#8220; button_two_border_width__hover_enabled=&#8220;off&#8220; button_two_border_width__hover=&#8220;null&#8220; button_one_border_color__hover_enabled=&#8220;off&#8220; button_one_border_color__hover=&#8220;null&#8220; button_two_border_color__hover_enabled=&#8220;off&#8220; button_two_border_color__hover=&#8220;null&#8220; button_one_border_radius__hover_enabled=&#8220;off&#8220; button_one_border_radius__hover=&#8220;null&#8220; button_two_border_radius__hover_enabled=&#8220;off&#8220; button_two_border_radius__hover=&#8220;null&#8220; button_one_letter_spacing__hover_enabled=&#8220;on&#8220; button_one_letter_spacing__hover=&#8220;0&#8243; button_two_letter_spacing__hover_enabled=&#8220;on&#8220; button_two_letter_spacing__hover=&#8220;0&#8243; button_one_bg_color__hover_enabled=&#8220;off&#8220; button_one_bg_color__hover=&#8220;null&#8220; button_two_bg_color__hover_enabled=&#8220;off&#8220; button_two_bg_color__hover=&#8220;null&#8220; sticky_enabled=&#8220;0&#8243;][\/et_pb_fullwidth_header][\/et_pb_section][et_pb_section fb_built=&#8220;1&#8243; admin_label=&#8220;section&#8220; _builder_version=&#8220;4.16&#8243; global_colors_info=&#8220;{}&#8220;][et_pb_row admin_label=&#8220;row&#8220; _builder_version=&#8220;4.16&#8243; background_size=&#8220;initial&#8220; background_position=&#8220;top_left&#8220; background_repeat=&#8220;repeat&#8220; global_colors_info=&#8220;{}&#8220;][et_pb_column type=&#8220;4_4&#8243; _builder_version=&#8220;4.16&#8243; custom_padding=&#8220;|||&#8220; global_colors_info=&#8220;{}&#8220; custom_padding__hover=&#8220;|||&#8220;][et_pb_text admin_label=&#8220;Literatur f\u00fcr Erwachsene&#8220; _builder_version=&#8220;4.16&#8243; background_size=&#8220;initial&#8220; background_position=&#8220;top_left&#8220; background_repeat=&#8220;repeat&#8220; use_border_color=&#8220;off&#8220; global_colors_info=&#8220;{}&#8220;]<\/p>\n<blockquote>\n<h3>Literatur f\u00fcr Erwachsene<\/h3>\n<\/blockquote>\n<p>[\/et_pb_text][et_pb_accordion admin_label=&#8220;Jugendliche und Erwachsene-Akkordeon&#8220; _builder_version=&#8220;4.27.0&#8243; hover_enabled=&#8220;0&#8243; global_colors_info=&#8220;{}&#8220; sticky_enabled=&#8220;0&#8243;][et_pb_accordion_item title=&#8220;Jugendliche Romane&#8220; _builder_version=&#8220;4.27.0&#8243; hover_enabled=&#8220;0&#8243; global_colors_info=&#8220;{}&#8220; open=&#8220;off&#8220; sticky_enabled=&#8220;0&#8243;]<\/p>\n<ul>\n<li>\n<p align=\"JUSTIFY\"><strong>Im Chat war er noch so s\u00fc\u00df!<\/strong> (ab 12) <br \/>von Anette Weber, Verlag an der Ruhr, M\u00fchlheim an der Ruhr, 2006<\/p>\n<\/li>\n<\/ul>\n<ul>\n<li>\n<p align=\"JUSTIFY\"><strong>Verf\u00fchrt<\/strong> (ab 13) <br \/>von Gabriella Olsson, Sauerl\u00e4nder Verlag, D\u00fcsseldorf 2003<\/p>\n<\/li>\n<\/ul>\n<ul>\n<li>\n<p align=\"JUSTIFY\"><strong>Das ist also mein Leben<\/strong> <br \/>von Stephen Chbosky, Wilhelm Heyne Verlag, M\u00fcnchen, 2011 dt. Ausgabe<\/p>\n<\/li>\n<\/ul>\n<ul>\n<li>\n<p align=\"JUSTIFY\"><span lang=\"en-US\"><strong>Heimweh<\/strong> <br \/>von Catherine Ryan Hyde, Tinte &amp; Feder, <\/span>Luxemburg, 2014<\/p>\n<\/li>\n<\/ul>\n<p>[\/et_pb_accordion_item][et_pb_accordion_item title=&#8220;Zur Vertiefung f\u00fcr Erwachsene&#8220; _builder_version=&#8220;4.27.0&#8243; hover_enabled=&#8220;0&#8243; global_colors_info=&#8220;{}&#8220; open=&#8220;on&#8220; sticky_enabled=&#8220;0&#8243;]<\/p>\n<ul>\n<li>\n<p align=\"JUSTIFY\"><strong>Zart war ich \u2013 bitter war\u2019s<\/strong><br \/><strong>\u2013 Handbuch gegen sexuellen Missbrauch an M\u00e4dchen und Jungen<\/strong> <br \/>von Ursula Enders (Hg.), Verlag Kiepenheuer und Witsch, K\u00f6ln 2003<\/p>\n<\/li>\n<\/ul>\n<ul>\n<li>\n<p align=\"JUSTIFY\"><strong>Grenzen achten \u2013 Schutz vor sexuellem Missbrauch in Institutionen <br \/>\u2013 ein Handbuch f\u00fcr die Praxis<\/strong> <br \/>von Ursula Enders (Hg.), Verlag Kiepenheuer und Witsch, K\u00f6ln 2012<\/p>\n<\/li>\n<\/ul>\n<ul>\n<li>\n<p align=\"JUSTIFY\"><strong>Sexuelle \u00dcbergriffe unter Kindern<\/strong><br \/>von Dagmar Riedel-Breidenstein und Ulli Freund, Mebes &amp; Noack, 2006<\/p>\n<\/li>\n<\/ul>\n<p>[\/et_pb_accordion_item][\/et_pb_accordion][et_pb_text admin_label=&#8220;Zusammengestellt von&#8220; _builder_version=&#8220;4.27.0&#8243; hover_enabled=&#8220;0&#8243; global_colors_info=&#8220;{}&#8220; sticky_enabled=&#8220;0&#8243;]<\/p>\n<h6><em>Zusammengestellt von Wendepunkt e. V. \u2013 Fachstelle gegen sexuellen Missbrauch an M\u00e4dchen und Jungen, Talstra\u00dfe 4, 79102 Freiburg<\/em><\/h6>\n<p>[\/et_pb_text][\/et_pb_column][\/et_pb_row][\/et_pb_section]<\/p>\n","protected":false},"excerpt":{"rendered":"<p>Literatur f\u00fcr Erwachsene Im Chat war er noch so s\u00fc\u00df! (ab 12) von Anette Weber, Verlag an der Ruhr, M\u00fchlheim an der Ruhr, 2006 Verf\u00fchrt (ab 13) von Gabriella Olsson, Sauerl\u00e4nder Verlag, D\u00fcsseldorf 2003 Das ist also mein Leben von Stephen Chbosky, Wilhelm Heyne Verlag, M\u00fcnchen, 2011 dt. Ausgabe Heimweh von Catherine Ryan Hyde, Tinte &amp; Feder, Luxemburg, 2014 Zart war ich \u2013 bitter war\u2019s\u2013 Handbuch gegen sexuellen Missbrauch an M\u00e4dchen und Jungen von Ursula Enders (Hg.), Verlag Kiepenheuer und Witsch, K\u00f6ln 2003 Grenzen achten \u2013 Schutz vor sexuellem Missbrauch in Institutionen \u2013 ein Handbuch f\u00fcr die Praxis von Ursula Enders (Hg.), Verlag Kiepenheuer und Witsch, K\u00f6ln 2012 Sexuelle \u00dcbergriffe unter Kindernvon Dagmar Riedel-Breidenstein und Ulli Freund, Mebes &amp; Noack, 2006 Zusammengestellt von Wendepunkt e. V. \u2013 Fachstelle gegen sexuellen Missbrauch an M\u00e4dchen und Jungen, Talstra\u00dfe 4, 79102 Freiburg<\/p>\n","protected":false},"author":1,"featured_media":0,"parent":28740,"menu_order":2,"comment_status":"closed","ping_status":"closed","template":"","meta":{"_et_pb_use_builder":"on","_et_pb_old_content":"","_et_gb_content_width":"","footnotes":""},"class_list":["post-28767","page","type-page","status-publish","hentry"],"_links":{"self":[{"href":"https:\/\/www.wendepunkt-freiburg.de\/content\/wp-json\/wp\/v2\/pages\/28767","targetHints":{"allow":["GET"]}}],"collection":[{"href":"https:\/\/www.wendepunkt-freiburg.de\/content\/wp-json\/wp\/v2\/pages"}],"about":[{"href":"https:\/\/www.wendepunkt-freiburg.de\/content\/wp-json\/wp\/v2\/types\/page"}],"author":[{"embeddable":true,"href":"https:\/\/www.wendepunkt-freiburg.de\/content\/wp-json\/wp\/v2\/users\/1"}],"replies":[{"embeddable":true,"href":"https:\/\/www.wendepunkt-freiburg.de\/content\/wp-json\/wp\/v2\/comments?post=28767"}],"version-history":[{"count":0,"href":"https:\/\/www.wendepunkt-freiburg.de\/content\/wp-json\/wp\/v2\/pages\/28767\/revisions"}],"up":[{"embeddable":true,"href":"https:\/\/www.wendepunkt-freiburg.de\/content\/wp-json\/wp\/v2\/pages\/28740"}],"wp:attachment":[{"href":"https:\/\/www.wendepunkt-freiburg.de\/content\/wp-json\/wp\/v2\/media?parent=28767"}],"curies":[{"name":"wp","href":"https:\/\/api.w.org\/{rel}","templated":true}]}}