{"id":28772,"date":"2017-04-13T15:21:01","date_gmt":"2017-04-13T13:21:01","guid":{"rendered":"https:\/\/www.wendepunkt-freiburg.de\/content\/top\/spenden\/"},"modified":"2026-02-12T13:57:43","modified_gmt":"2026-02-12T12:57:43","slug":"spenden","status":"publish","type":"page","link":"https:\/\/www.wendepunkt-freiburg.de\/content\/top\/spenden\/","title":{"rendered":"Spenden"},"content":{"rendered":"<p>[et_pb_section fb_built=&#8220;1&#8243; fullwidth=&#8220;on&#8220; _builder_version=&#8220;4.16&#8243; transparent_background=&#8220;off&#8220; make_fullwidth=&#8220;off&#8220; use_custom_width=&#8220;off&#8220; width_unit=&#8220;on&#8220; global_colors_info=&#8220;{}&#8220;][et_pb_fullwidth_header title=&#8220;Danke f\u00fcr Ihre Hilfe!&#8220; subhead=&#8220;Mit Ihrer Spende helfen Sie, zu helfen.&#8220; header_scroll_down=&#8220;on&#8220; background_overlay_color=&#8220;rgba(0,0,0,0.1)&#8220; content_max_width=&#8220;none&#8220; _builder_version=&#8220;4.27.4&#8243; title_font_size=&#8220;40&#8243; subhead_font_size=&#8220;24&#8243; background_color=&#8220;rgba(255, 255, 255, 0)&#8220; background_image=&#8220;https:\/\/www.wendepunkt-freiburg.de\/content\/wp-content\/uploads\/2017\/04\/WEP-Widescreen-KindMaltHerz.jpg&#8220; parallax=&#8220;on&#8220; height=&#8220;70vh&#8220; custom_padding=&#8220;30vh||||false|false&#8220; custom_css_title=&#8220;text-shadow: 1px 1px 2px rgba(0,0,0,0.7);&#8220; custom_css_subtitle=&#8220;text-shadow: 1px 1px 2px rgba(0,0,0,0.7);&#8220; background_url=&#8220;https:\/\/www.wendepunkt-freiburg.de\/content\/wp-content\/uploads\/2017\/04\/WEP-Widescreen-KindMaltHerz.jpg&#8220; button_one_letter_spacing_hover=&#8220;0&#8243; button_two_letter_spacing_hover=&#8220;0&#8243; global_colors_info=&#8220;{}&#8220; button_one_text_size__hover_enabled=&#8220;off&#8220; button_one_text_size__hover=&#8220;null&#8220; button_two_text_size__hover_enabled=&#8220;off&#8220; button_two_text_size__hover=&#8220;null&#8220; button_one_text_color__hover_enabled=&#8220;off&#8220; button_one_text_color__hover=&#8220;null&#8220; button_two_text_color__hover_enabled=&#8220;off&#8220; button_two_text_color__hover=&#8220;null&#8220; button_one_border_width__hover_enabled=&#8220;off&#8220; button_one_border_width__hover=&#8220;null&#8220; button_two_border_width__hover_enabled=&#8220;off&#8220; button_two_border_width__hover=&#8220;null&#8220; button_one_border_color__hover_enabled=&#8220;off&#8220; button_one_border_color__hover=&#8220;null&#8220; button_two_border_color__hover_enabled=&#8220;off&#8220; button_two_border_color__hover=&#8220;null&#8220; button_one_border_radius__hover_enabled=&#8220;off&#8220; button_one_border_radius__hover=&#8220;null&#8220; button_two_border_radius__hover_enabled=&#8220;off&#8220; button_two_border_radius__hover=&#8220;null&#8220; button_one_letter_spacing__hover_enabled=&#8220;on&#8220; button_one_letter_spacing__hover=&#8220;0&#8243; button_two_letter_spacing__hover_enabled=&#8220;on&#8220; button_two_letter_spacing__hover=&#8220;0&#8243; button_one_bg_color__hover_enabled=&#8220;off&#8220; button_one_bg_color__hover=&#8220;null&#8220; button_two_bg_color__hover_enabled=&#8220;off&#8220; button_two_bg_color__hover=&#8220;null&#8220;][\/et_pb_fullwidth_header][\/et_pb_section][et_pb_section fb_built=&#8220;1&#8243; admin_label=&#8220;Sektion&#8220; _builder_version=&#8220;4.27.4&#8243; custom_padding=&#8220;20px||||false|false&#8220; global_colors_info=&#8220;{}&#8220;][et_pb_row column_structure=&#8220;1_2,1_2&#8243; _builder_version=&#8220;4.16&#8243; background_size=&#8220;initial&#8220; background_position=&#8220;top_left&#8220; background_repeat=&#8220;repeat&#8220; global_colors_info=&#8220;{}&#8220;][et_pb_column type=&#8220;1_2&#8243; _builder_version=&#8220;4.16&#8243; custom_padding=&#8220;|||&#8220; global_colors_info=&#8220;{}&#8220; custom_padding__hover=&#8220;|||&#8220;][et_pb_text admin_label=&#8220;\u00dcberschrift&#8220; _builder_version=&#8220;4.27.4&#8243; background_size=&#8220;initial&#8220; background_position=&#8220;top_left&#8220; background_repeat=&#8220;repeat&#8220; use_border_color=&#8220;off&#8220; border_color=&#8220;#ffffff&#8220; border_style=&#8220;solid&#8220; global_colors_info=&#8220;{}&#8220;]<\/p>\n<h1>Jeder Beitrag hilft \u2013 Spenden auch Sie !<\/h1>\n<p>[\/et_pb_text][et_pb_text admin_label=&#8220;Text &#8211; Finanzierung&#8220; _builder_version=&#8220;4.27.4&#8243; background_size=&#8220;initial&#8220; background_position=&#8220;top_left&#8220; background_repeat=&#8220;repeat&#8220; use_border_color=&#8220;off&#8220; border_color=&#8220;#ffffff&#8220; border_style=&#8220;solid&#8220; global_colors_info=&#8220;{}&#8220;]<\/p>\n<p>Rund 50% unserer finanziellen Mittel m\u00fcssen wir immer wieder neu akquirieren. Spenden sind eine unverzichtbare Basis f\u00fcr unserer Arbeit.<\/p>\n<p>[\/et_pb_text][\/et_pb_column][et_pb_column type=&#8220;1_2&#8243; _builder_version=&#8220;4.16&#8243; custom_padding=&#8220;|||&#8220; global_colors_info=&#8220;{}&#8220; custom_padding__hover=&#8220;|||&#8220;][et_pb_text admin_label=&#8220;Text &#8211; Spende&#8220; _builder_version=&#8220;4.27.4&#8243; background_size=&#8220;initial&#8220; background_position=&#8220;top_left&#8220; background_repeat=&#8220;repeat&#8220; use_border_color=&#8220;off&#8220; border_color=&#8220;#ffffff&#8220; border_style=&#8220;solid&#8220; global_colors_info=&#8220;{}&#8220;]<\/p>\n<p><strong>Bitte unterst\u00fctzen Sie unsere Arbeit durch Ihre Spende oder Mitgliedschaft!<\/strong><\/p>\n<p>Auch kleinste Betr\u00e4ge helfen \u2013 nicht nur in finanzieller Hinsicht, sondern auch als Zeichen der Anerkennung unserer Arbeit. Nat\u00fcrlich erhalten Sie auf Wunsch eine <a href=\"mailto:info@wendepunkt-freiburg.de\">Spendenquittung<\/a>, wenn Sie uns einfach eine <a href=\"mailto:info@wendepunkt-freiburg.de\">E-Mail<\/a> mit Namen, Adresse und Spendenbetrag senden.<\/p>\n<p>[\/et_pb_text][et_pb_text admin_label=&#8220;Text &#8211; Danke im Voraus&#8220; _builder_version=&#8220;4.27.4&#8243; background_size=&#8220;initial&#8220; background_position=&#8220;top_left&#8220; background_repeat=&#8220;repeat&#8220; use_border_color=&#8220;off&#8220; border_color=&#8220;#ffffff&#8220; border_style=&#8220;solid&#8220; global_colors_info=&#8220;{}&#8220;]<\/p>\n<p>Wir danken schon jetzt f\u00fcr die Unterst\u00fctzung aller gro\u00dfen und kleinen Spenderinnen und Spender!<\/p>\n<p>[\/et_pb_text][\/et_pb_column][\/et_pb_row][et_pb_row column_structure=&#8220;1_3,1_3,1_3&#8243; use_custom_gutter=&#8220;on&#8220; gutter_width=&#8220;1&#8243; make_equal=&#8220;on&#8220; _builder_version=&#8220;4.27.4&#8243; _module_preset=&#8220;default&#8220; global_colors_info=&#8220;{}&#8220;][et_pb_column type=&#8220;1_3&#8243; _builder_version=&#8220;4.27.4&#8243; _module_preset=&#8220;default&#8220; global_colors_info=&#8220;{}&#8220;][et_pb_image src=&#8220;https:\/\/www.wendepunkt-freiburg.de\/content\/wp-content\/uploads\/2025\/11\/WEP-NewsTeaser-750&#215;500-SpendenAufruf-KinderHaende-AdobeStock.jpg&#8220; alt=&#8220;Spendenaufruf mit Kinderh\u00e4nde (\u00a9 AdobeStock)&#8220; title_text=&#8220;Spendenaufruf mit Kinderh\u00e4nde (\u00a9 AdobeStock)&#8220; admin_label=&#8220;Bild &#8212; SpendenAufruf &#8211; Kinderh\u00e4nde&#8220; _builder_version=&#8220;4.27.4&#8243; _module_preset=&#8220;default&#8220; image_aspect_ratio=&#8220;16\/9&#8243; global_colors_info=&#8220;{}&#8220;][\/et_pb_image][\/et_pb_column][et_pb_column type=&#8220;1_3&#8243; _builder_version=&#8220;4.27.4&#8243; _module_preset=&#8220;default&#8220; custom_padding=&#8220;50px||||false|false&#8220; global_colors_info=&#8220;{}&#8220;][et_pb_text admin_label=&#8220;Text &#8211; Konto&#8220; _builder_version=&#8220;4.27.4&#8243; background_size=&#8220;initial&#8220; background_position=&#8220;top_left&#8220; background_repeat=&#8220;repeat&#8220; use_border_color=&#8220;off&#8220; border_color=&#8220;#ffffff&#8220; border_style=&#8220;solid&#8220; global_colors_info=&#8220;{}&#8220;]<\/p>\n<h4 style=\"text-align: center;\">Wende<em>punkt<\/em> e.V. Spendenkonto<br \/>bei der Sparkasse Freiburg<\/h4>\n<h4 style=\"text-align: center;\">IBAN: DE17 680 501 01 0002 3102 79<br \/>BIC: FRSPDE66XXX<\/h4>\n<p>[\/et_pb_text][\/et_pb_column][et_pb_column type=&#8220;1_3&#8243; _builder_version=&#8220;4.27.4&#8243; _module_preset=&#8220;default&#8220; custom_padding=&#8220;50px||||false|false&#8220; global_colors_info=&#8220;{}&#8220;][et_pb_paypal_button pp_select_button=&#8220;off&#8220; pp_item_name=&#8220;Spende an Wendepunkt Freiburg e.V.&#8220; pp_currency_code=&#8220;EUR&#8220; pp_return=&#8220;https:\/\/www.wendepunkt-freiburg.de\/content\/top\/spenden\/&#8220; pp_cancel_return=&#8220;https:\/\/www.wendepunkt-freiburg.de\/content\/top\/spenden\/&#8220; open_in_new_tab=&#8220;off&#8220; use_custom=&#8220;on&#8220; button_text=&#8220;JETZT SPENDEN&#8220; src=&#8220;https:\/\/www.wendepunkt-freiburg.de\/content\/wp-content\/uploads\/2019\/04\/button-spenden-270&#215;90.png&#8220; button_alignment=&#8220;center&#8220; _builder_version=&#8220;4.27.4&#8243; transform_scale=&#8220;90%|90%&#8220; transform_scale_tablet=&#8220;&#8220; transform_scale_phone=&#8220;&#8220; transform_scale_last_edited=&#8220;on|desktop&#8220; transform_translate_tablet=&#8220;&#8220; transform_translate_phone=&#8220;&#8220; transform_translate_last_edited=&#8220;on|desktop&#8220; transform_rotate_tablet=&#8220;&#8220; transform_rotate_phone=&#8220;&#8220; transform_rotate_last_edited=&#8220;on|desktop&#8220; transform_skew_tablet=&#8220;&#8220; transform_skew_phone=&#8220;&#8220; transform_skew_last_edited=&#8220;on|desktop&#8220; transform_origin_tablet=&#8220;&#8220; transform_origin_phone=&#8220;&#8220; transform_origin_last_edited=&#8220;on|desktop&#8220; transform_styles_last_edited=&#8220;on|desktop&#8220; transform_styles_tablet=&#8220;&#8220; transform_styles_phone=&#8220;&#8220; z_index_tablet=&#8220;500&#8243; global_colors_info=&#8220;{}&#8220; transform_styles__hover_enabled=&#8220;on|hover&#8220; transform_scale__hover_enabled=&#8220;on|hover&#8220; transform_translate__hover_enabled=&#8220;on|desktop&#8220; transform_rotate__hover_enabled=&#8220;on|desktop&#8220; transform_skew__hover_enabled=&#8220;on|desktop&#8220; transform_origin__hover_enabled=&#8220;on|desktop&#8220; transform_scale__hover=&#8220;100%|100%&#8220;][\/et_pb_paypal_button][\/et_pb_column][\/et_pb_row][\/et_pb_section][et_pb_section fb_built=&#8220;1&#8243; _builder_version=&#8220;4.27.4&#8243; background_color=&#8220;#7cda24&#8243; custom_padding=&#8220;0px||0px||false|false&#8220; transparent_background=&#8220;off&#8220; make_fullwidth=&#8220;off&#8220; use_custom_width=&#8220;off&#8220; width_unit=&#8220;on&#8220; global_colors_info=&#8220;{}&#8220;][et_pb_row column_structure=&#8220;1_3,1_3,1_3&#8243; use_custom_gutter=&#8220;on&#8220; gutter_width=&#8220;2&#8243; make_equal=&#8220;on&#8220; _builder_version=&#8220;4.27.4&#8243; background_size=&#8220;initial&#8220; background_position=&#8220;top_left&#8220; background_repeat=&#8220;repeat&#8220; custom_padding=&#8220;0px||0px||false|false&#8220; global_colors_info=&#8220;{}&#8220;][et_pb_column type=&#8220;1_3&#8243; admin_label=&#8220;Spalte &#8212; Headline&#8220; _builder_version=&#8220;4.27.4&#8243; custom_padding=&#8220;30px||30px||false|false&#8220; global_colors_info=&#8220;{}&#8220; custom_padding__hover=&#8220;|||&#8220;][et_pb_text admin_label=&#8220;\u00dcberschrift&#8220; _builder_version=&#8220;4.16&#8243; background_size=&#8220;initial&#8220; background_position=&#8220;top_left&#8220; background_repeat=&#8220;repeat&#8220; background_layout=&#8220;dark&#8220; custom_css_main_element=&#8220;text-shadow: 1px 1px 3px rgba(0,0,0,0.5);&#8220; use_border_color=&#8220;off&#8220; border_color=&#8220;#ffffff&#8220; border_style=&#8220;solid&#8220; global_colors_info=&#8220;{}&#8220;]<\/p>\n<h1>Dank unseren Spendern!<\/h1>\n<p>[\/et_pb_text][\/et_pb_column][et_pb_column type=&#8220;1_3&#8243; admin_label=&#8220;Spalte &#8212; Text&#8220; _builder_version=&#8220;4.27.4&#8243; custom_padding=&#8220;30px||30px||false|false&#8220; global_colors_info=&#8220;{}&#8220; custom_padding__hover=&#8220;|||&#8220;][et_pb_text _builder_version=&#8220;4.27.4&#8243; background_size=&#8220;initial&#8220; background_position=&#8220;top_left&#8220; background_repeat=&#8220;repeat&#8220; background_layout=&#8220;dark&#8220; custom_css_main_element=&#8220;text-shadow: 1px 1px 3px rgba(0,0,0,0.4);&#8220; use_border_color=&#8220;off&#8220; border_color=&#8220;#ffffff&#8220; border_style=&#8220;solid&#8220; global_colors_info=&#8220;{}&#8220;]<\/p>\n<p>\nNeben den vielen privaten Spendern werden wir auch von nachfolgenden Firmen bei unserer Arbeit unterst\u00fctzt. Wir m\u00f6chten uns an dieser Stelle nochmals herzlichst bei allen bedanken. <strong>Unsere Arbeit w\u00e4re ohne Sie nicht m\u00f6glich!<\/strong><\/p>\n<p>[\/et_pb_text][\/et_pb_column][et_pb_column type=&#8220;1_3&#8243; admin_label=&#8220;Spalte &#8212; Bild&#8220; _builder_version=&#8220;4.27.4&#8243; background_image=&#8220;https:\/\/www.wendepunkt-freiburg.de\/content\/wp-content\/uploads\/2025\/11\/WEP-NewsTeaser-750&#215;500-SpendenAufruf-Kind-Love-Hands-AdobeStock_330921149.jpg&#8220; custom_padding=&#8220;|||&#8220; global_colors_info=&#8220;{}&#8220; custom_padding__hover=&#8220;|||&#8220;][et_pb_divider show_divider=&#8220;off&#8220; admin_label=&#8220;Teiler &#8212; Bild-Platzhalter&#8220; _builder_version=&#8220;4.27.4&#8243; _module_preset=&#8220;default&#8220; height=&#8220;200px&#8220; global_colors_info=&#8220;{}&#8220;][\/et_pb_divider][\/et_pb_column][\/et_pb_row][\/et_pb_section][et_pb_section fb_built=&#8220;1&#8243; _builder_version=&#8220;4.27.5&#8243; background_color=&#8220;#2c8e1b&#8220; hover_enabled=&#8220;0&#8243; transparent_background=&#8220;off&#8220; make_fullwidth=&#8220;off&#8220; use_custom_width=&#8220;off&#8220; width_unit=&#8220;on&#8220; global_colors_info=&#8220;{}&#8220; custom_padding=&#8220;20px||20px||false|false&#8220; sticky_enabled=&#8220;0&#8243;][et_pb_row column_structure=&#8220;1_3,1_3,1_3&#8243; use_custom_gutter=&#8220;on&#8220; gutter_width=&#8220;2&#8243; make_equal=&#8220;on&#8220; _builder_version=&#8220;4.27.5&#8243; background_size=&#8220;initial&#8220; background_position=&#8220;top_left&#8220; background_repeat=&#8220;repeat&#8220; custom_padding=&#8220;10px||10px||false|false&#8220; hover_enabled=&#8220;0&#8243; global_colors_info=&#8220;{}&#8220; sticky_enabled=&#8220;0&#8243; custom_padding_last_edited=&#8220;on|tablet&#8220; custom_padding_phone=&#8220;0px||0px||false|false&#8220; custom_padding_tablet=&#8220;0px||0px||false|false&#8220;][et_pb_column type=&#8220;1_3&#8243; _builder_version=&#8220;4.27.5&#8243; custom_padding=&#8220;0px||0px||false|false&#8220; hover_enabled=&#8220;0&#8243; global_colors_info=&#8220;{}&#8220; custom_padding__hover=&#8220;|||&#8220; sticky_enabled=&#8220;0&#8243;][et_pb_text admin_label=&#8220;Text &#8212; Spender 1&#8243; _builder_version=&#8220;4.27.5&#8243; background_size=&#8220;initial&#8220; background_position=&#8220;top_left&#8220; background_repeat=&#8220;repeat&#8220; background_layout=&#8220;dark&#8220; hover_enabled=&#8220;0&#8243; z_index_tablet=&#8220;500&#8243; box_shadow_horizontal_tablet=&#8220;0px&#8220; box_shadow_vertical_tablet=&#8220;0px&#8220; box_shadow_blur_tablet=&#8220;40px&#8220; box_shadow_spread_tablet=&#8220;0px&#8220; global_colors_info=&#8220;{}&#8220; sticky_enabled=&#8220;0&#8243; custom_margin=&#8220;0px||0px||false|false&#8220; custom_padding=&#8220;0px||0px||false|false&#8220;]<\/p>\n<ul>\n<li>ARaymond Fluid Connection GmbH<\/li>\n<li>beebox \u2013 Agentur f\u00fcr Werbung und strategische Kommunikation<\/li>\n<li>BGV Badische Versicherungen<\/li>\n<li>BIMONT GmbH<\/li>\n<li>CEPA Holding GmbH<\/li>\n<li>Citydruck Freiburg<\/li>\n<li>Cycling Viking Spendenmarathon<\/li>\n<li>Diamond Innovations GmbH<\/li>\n<li>EAT GmbH<\/li>\n<li>flowTools GmbH &amp; Co. KG<\/li>\n<li>Frank Zimmerlin Planung &amp; Umsetzung<\/li>\n<li>GEOsens GmbH<\/li>\n<li>F\u00f6rderverein Inner Wheel Club Freiburg e.V.<\/li>\n<\/ul>\n<p>[\/et_pb_text][\/et_pb_column][et_pb_column type=&#8220;1_3&#8243; _builder_version=&#8220;4.27.5&#8243; custom_padding=&#8220;0px||0px||false|false&#8220; hover_enabled=&#8220;0&#8243; global_colors_info=&#8220;{}&#8220; custom_padding__hover=&#8220;|||&#8220; sticky_enabled=&#8220;0&#8243;][et_pb_text admin_label=&#8220;Text &#8212; Spender 2&#8243; _builder_version=&#8220;4.27.5&#8243; background_layout=&#8220;dark&#8220; z_index_tablet=&#8220;500&#8243; global_colors_info=&#8220;{}&#8220; sticky_enabled=&#8220;0&#8243; background_size=&#8220;initial&#8220; background_position=&#8220;top_left&#8220; background_repeat=&#8220;repeat&#8220; custom_margin=&#8220;0px||0px||false|false&#8220; custom_padding=&#8220;0px||0px||false|false&#8220;]<\/p>\n<ul>\n<li>JobRad GmbH<\/li>\n<li>J\u00f6rg &amp; Kollegen Partnerschaft Steuerberatungsgesellschaft<\/li>\n<li>Juwelier Seilnacht<\/li>\n<li>Kinder in Freiburg und Umland e.V.<\/li>\n<li>Lions-Club Alt-Freiburg e.V.<\/li>\n<li>Mero Oberfl\u00e4chentechnik GmbH<\/li>\n<li>OFF &#8211; F\u00f6rderverein Frauen in Not e.V.<\/li>\n<li>C. Pelz GmbH<\/li>\n<li>PSD Bank RheinNeckarSaar eG<\/li>\n<li>Radio Regenbogen<\/li>\n<li>Round Table 25 Freiburg<\/li>\n<li>Elektroservice Ruf<\/li>\n<li>Sicheres Freiburg e.V.<\/li>\n<\/ul>\n<p>[\/et_pb_text][\/et_pb_column][et_pb_column type=&#8220;1_3&#8243; _builder_version=&#8220;4.27.5&#8243; custom_padding=&#8220;0px||0px||false|false&#8220; hover_enabled=&#8220;0&#8243; global_colors_info=&#8220;{}&#8220; custom_padding__hover=&#8220;|||&#8220; sticky_enabled=&#8220;0&#8243;][et_pb_text admin_label=&#8220;Text &#8212; Spender 3&#8243; _builder_version=&#8220;4.27.5&#8243; background_layout=&#8220;dark&#8220; z_index_tablet=&#8220;500&#8243; global_colors_info=&#8220;{}&#8220; sticky_enabled=&#8220;0&#8243; background_size=&#8220;initial&#8220; background_position=&#8220;top_left&#8220; background_repeat=&#8220;repeat&#8220; custom_margin=&#8220;0px||0px||false|false&#8220; custom_padding=&#8220;0px||0px||false|false&#8220; hover_enabled=&#8220;0&#8243;]<\/p>\n<ul>\n<li>Renate und Waltraut Sick Stiftung<\/li>\n<li>Sparkasse Freiburg-N\u00f6rdlicher Breisgau<\/li>\n<li>Sportclub Freiburg<\/li>\n<li>Stauss &amp; Partner Immobilien und Consulting<\/li>\n<li>Stiftungsverwaltung Freiburg<\/li>\n<li>s\u00fcdstar Getr\u00e4nke GmbH<\/li>\n<li>Swissphone Telecommunications GmbH<\/li>\n<li>Testo Industrial Services GmbH<\/li>\n<li>Thomas Staebe Stiftung<\/li>\n<li>Wilhelm-Oberle-Stiftung<\/li>\n<li>Wir helfen Kindern e.V. \u2013 Eine Initiative von Alexander B\u00fcrkle<\/li>\n<li>ZYMO Research Europe GmbH<\/li>\n<li>24-Stunden-Lauf f\u00fcr Kinderrechte Freiburg<\/li>\n<\/ul>\n<p>[\/et_pb_text][\/et_pb_column][\/et_pb_row][\/et_pb_section][et_pb_section fb_built=&#8220;1&#8243; _builder_version=&#8220;4.16&#8243; global_colors_info=&#8220;{}&#8220;][et_pb_row column_structure=&#8220;1_3,2_3&#8243; _builder_version=&#8220;4.16&#8243; background_size=&#8220;initial&#8220; background_position=&#8220;top_left&#8220; background_repeat=&#8220;repeat&#8220; global_colors_info=&#8220;{}&#8220;][et_pb_column type=&#8220;1_3&#8243; _builder_version=&#8220;4.16&#8243; custom_padding=&#8220;|||&#8220; global_colors_info=&#8220;{}&#8220; custom_padding__hover=&#8220;|||&#8220;][et_pb_image src=&#8220;https:\/\/www.wendepunkt-freiburg.de\/content\/wp-content\/uploads\/2017\/04\/WP-Kuvert.jpg&#8220; align_tablet=&#8220;center&#8220; align_phone=&#8220;&#8220; align_last_edited=&#8220;on|desktop&#8220; _builder_version=&#8220;4.16&#8243; animation_style=&#8220;slide&#8220; animation_direction=&#8220;left&#8220; animation_duration=&#8220;500ms&#8220; animation_intensity_slide=&#8220;10%&#8220; use_border_color=&#8220;off&#8220; border_color=&#8220;#ffffff&#8220; border_style=&#8220;solid&#8220; animation=&#8220;left&#8220; sticky=&#8220;off&#8220; always_center_on_mobile=&#8220;on&#8220; global_colors_info=&#8220;{}&#8220;][\/et_pb_image][\/et_pb_column][et_pb_column type=&#8220;2_3&#8243; _builder_version=&#8220;4.16&#8243; custom_padding=&#8220;|||&#8220; global_colors_info=&#8220;{}&#8220; custom_padding__hover=&#8220;|||&#8220;][et_pb_text _builder_version=&#8220;4.16&#8243; background_size=&#8220;initial&#8220; background_position=&#8220;top_left&#8220; background_repeat=&#8220;repeat&#8220; use_border_color=&#8220;off&#8220; border_color=&#8220;#ffffff&#8220; border_style=&#8220;solid&#8220; global_colors_info=&#8220;{}&#8220;]<\/p>\n<p class=\"bodytext\"><b>Unterst\u00fctzen Sie uns, indem Sie unsere Wendepunkt-Briefumschl\u00e4ge bestellen!<\/b><\/p>\n<p class=\"bodytext\">Die Kuverts sind im DIN Lang Format mit Fenster und haben r\u00fcckseitig einen dezenten Aufdruck (siehe Bild). Mit Ihrer Bestellung unterst\u00fctzen Sie uns, unser Anliegen publik zu machen.<\/p>\n<p class=\"bodytext\">Die\u00a0Umschl\u00e4ge sind kostenlos.<br \/><!-- Text: [end] --><\/p>\n<div class=\"csc-textpic-clear\"><!-- --><\/div>\n<p><!-- Image block: [end] --> <!-- CONTENT ELEMENT, uid:475\/textpic [end] --> <!-- CONTENT ELEMENT, uid:666\/text [begin] --><\/p>\n<p>[\/et_pb_text][et_pb_button button_url=&#8220;https:\/\/www.wendepunkt-freiburg.de\/content\/basic\/kontakt\/&#8220; button_text=&#8220;Briefumschl\u00e4ge bestellen&#8220; button_alignment=&#8220;left&#8220; _builder_version=&#8220;4.16&#8243; custom_button=&#8220;on&#8220; button_text_color=&#8220;#68b022&#8243; button_bg_color=&#8220;rgba(255,255,255,0.5)&#8220; button_border_color=&#8220;#68b022&#8243; button_border_radius=&#8220;10&#8243; button_icon=&#8220;&#x39;||divi||400&#8243; button_border_radius_hover=&#8220;10&#8243; button_letter_spacing_hover=&#8220;0&#8243; saved_tabs=&#8220;all&#8220; global_colors_info=&#8220;{}&#8220; button_text_size__hover_enabled=&#8220;off&#8220; button_text_size__hover=&#8220;null&#8220; button_one_text_size__hover_enabled=&#8220;off&#8220; button_one_text_size__hover=&#8220;null&#8220; button_two_text_size__hover_enabled=&#8220;off&#8220; button_two_text_size__hover=&#8220;null&#8220; button_text_color__hover_enabled=&#8220;off&#8220; button_text_color__hover=&#8220;null&#8220; button_one_text_color__hover_enabled=&#8220;off&#8220; button_one_text_color__hover=&#8220;null&#8220; button_two_text_color__hover_enabled=&#8220;off&#8220; button_two_text_color__hover=&#8220;null&#8220; button_border_width__hover_enabled=&#8220;off&#8220; button_border_width__hover=&#8220;null&#8220; button_one_border_width__hover_enabled=&#8220;off&#8220; button_one_border_width__hover=&#8220;null&#8220; button_two_border_width__hover_enabled=&#8220;off&#8220; button_two_border_width__hover=&#8220;null&#8220; button_border_color__hover_enabled=&#8220;off&#8220; button_border_color__hover=&#8220;null&#8220; button_one_border_color__hover_enabled=&#8220;off&#8220; button_one_border_color__hover=&#8220;null&#8220; button_two_border_color__hover_enabled=&#8220;off&#8220; button_two_border_color__hover=&#8220;null&#8220; button_border_radius__hover_enabled=&#8220;on&#8220; button_border_radius__hover=&#8220;10&#8243; button_one_border_radius__hover_enabled=&#8220;off&#8220; button_one_border_radius__hover=&#8220;null&#8220; button_two_border_radius__hover_enabled=&#8220;off&#8220; button_two_border_radius__hover=&#8220;null&#8220; button_letter_spacing__hover_enabled=&#8220;on&#8220; button_letter_spacing__hover=&#8220;0&#8243; button_one_letter_spacing__hover_enabled=&#8220;off&#8220; button_one_letter_spacing__hover=&#8220;null&#8220; button_two_letter_spacing__hover_enabled=&#8220;off&#8220; button_two_letter_spacing__hover=&#8220;null&#8220; button_bg_color__hover_enabled=&#8220;off&#8220; button_bg_color__hover=&#8220;null&#8220; button_one_bg_color__hover_enabled=&#8220;off&#8220; button_one_bg_color__hover=&#8220;null&#8220; button_two_bg_color__hover_enabled=&#8220;off&#8220; button_two_bg_color__hover=&#8220;null&#8220;][\/et_pb_button][\/et_pb_column][\/et_pb_row][\/et_pb_section]<\/p>\n","protected":false},"excerpt":{"rendered":"<p>Jeder Beitrag hilft \u2013 Spenden auch Sie !Rund 50% unserer finanziellen Mittel m\u00fcssen wir immer wieder neu akquirieren. Spenden sind eine unverzichtbare Basis f\u00fcr unserer Arbeit.Bitte unterst\u00fctzen Sie unsere Arbeit durch Ihre Spende oder Mitgliedschaft! Auch kleinste Betr\u00e4ge helfen \u2013 nicht nur in finanzieller Hinsicht, sondern auch als Zeichen der Anerkennung unserer Arbeit. Nat\u00fcrlich erhalten Sie auf Wunsch eine Spendenquittung, wenn Sie uns einfach eine E-Mail mit Namen, Adresse und Spendenbetrag senden.Wir danken schon jetzt f\u00fcr die Unterst\u00fctzung aller gro\u00dfen und kleinen Spenderinnen und Spender!Wendepunkt e.V. Spendenkontobei der Sparkasse Freiburg IBAN: DE17 680 501 01 0002 3102 79BIC: FRSPDE66XXXDank unseren Spendern! Neben den vielen privaten Spendern werden wir auch von nachfolgenden Firmen bei unserer Arbeit unterst\u00fctzt. Wir m\u00f6chten uns an dieser Stelle nochmals herzlichst bei allen bedanken. Unsere Arbeit w\u00e4re ohne Sie nicht m\u00f6glich! ARaymond Fluid Connection GmbH beebox \u2013 Agentur f\u00fcr Werbung und strategische Kommunikation BGV Badische Versicherungen BIMONT GmbH CEPA Holding GmbH Citydruck Freiburg Cycling Viking Spendenmarathon Diamond Innovations GmbH EAT GmbH flowTools GmbH &amp; Co. KG Frank Zimmerlin Planung &amp; Umsetzung GEOsens GmbH F\u00f6rderverein Inner Wheel Club Freiburg e.V. JobRad GmbH J\u00f6rg &amp; Kollegen Partnerschaft Steuerberatungsgesellschaft Juwelier Seilnacht Kinder in Freiburg und Umland e.V. Lions-Club Alt-Freiburg e.V. [&hellip;]<\/p>\n","protected":false},"author":1,"featured_media":0,"parent":28732,"menu_order":7,"comment_status":"closed","ping_status":"closed","template":"","meta":{"_et_pb_use_builder":"on","_et_pb_old_content":"","_et_gb_content_width":"","footnotes":""},"class_list":["post-28772","page","type-page","status-publish","hentry"],"_links":{"self":[{"href":"https:\/\/www.wendepunkt-freiburg.de\/content\/wp-json\/wp\/v2\/pages\/28772","targetHints":{"allow":["GET"]}}],"collection":[{"href":"https:\/\/www.wendepunkt-freiburg.de\/content\/wp-json\/wp\/v2\/pages"}],"about":[{"href":"https:\/\/www.wendepunkt-freiburg.de\/content\/wp-json\/wp\/v2\/types\/page"}],"author":[{"embeddable":true,"href":"https:\/\/www.wendepunkt-freiburg.de\/content\/wp-json\/wp\/v2\/users\/1"}],"replies":[{"embeddable":true,"href":"https:\/\/www.wendepunkt-freiburg.de\/content\/wp-json\/wp\/v2\/comments?post=28772"}],"version-history":[{"count":10,"href":"https:\/\/www.wendepunkt-freiburg.de\/content\/wp-json\/wp\/v2\/pages\/28772\/revisions"}],"predecessor-version":[{"id":32602,"href":"https:\/\/www.wendepunkt-freiburg.de\/content\/wp-json\/wp\/v2\/pages\/28772\/revisions\/32602"}],"up":[{"embeddable":true,"href":"https:\/\/www.wendepunkt-freiburg.de\/content\/wp-json\/wp\/v2\/pages\/28732"}],"wp:attachment":[{"href":"https:\/\/www.wendepunkt-freiburg.de\/content\/wp-json\/wp\/v2\/media?parent=28772"}],"curies":[{"name":"wp","href":"https:\/\/api.w.org\/{rel}","templated":true}]}}