{"id":28788,"date":"2017-04-13T16:17:29","date_gmt":"2017-04-13T14:17:29","guid":{"rendered":"https:\/\/www.wendepunkt-freiburg.de\/content\/top\/mitglied-werden\/"},"modified":"2024-07-01T12:00:31","modified_gmt":"2024-07-01T10:00:31","slug":"mitglied-werden","status":"publish","type":"page","link":"https:\/\/www.wendepunkt-freiburg.de\/content\/top\/mitglied-werden\/","title":{"rendered":"Mitglied werden"},"content":{"rendered":"<p>[et_pb_section fb_built=&#8220;1&#8243; fullwidth=&#8220;on&#8220; admin_label=&#8220;Sektion&#8220; _builder_version=&#8220;4.16&#8243; transparent_background=&#8220;off&#8220; make_fullwidth=&#8220;off&#8220; use_custom_width=&#8220;off&#8220; width_unit=&#8220;on&#8220; global_colors_info=&#8220;{}&#8220;][et_pb_fullwidth_header title=&#8220;Ziehen Sie mit uns an einem Strang &#8230;&#8220; subhead=&#8220;Gemeinsam sind wir stark! Werden auch Sie F\u00f6rdermitglied &#8230;&#8220; header_fullscreen=&#8220;on&#8220; header_scroll_down=&#8220;on&#8220; background_overlay_color=&#8220;rgba(0,0,0,0.1)&#8220; content_max_width=&#8220;none&#8220; admin_label=&#8220;Vollbreite Kopfzeile&#8220; _builder_version=&#8220;4.16&#8243; title_font_size=&#8220;40&#8243; subhead_font_size=&#8220;24&#8243; background_color=&#8220;rgba(255, 255, 255, 0)&#8220; background_image=&#8220;https:\/\/www.wendepunkt-freiburg.de\/content\/wp-content\/uploads\/2017\/04\/WEP-Widescreen-TauZiehen.jpg&#8220; parallax=&#8220;on&#8220; custom_css_title=&#8220;text-shadow: 1px 1px 2px rgba(0,0,0,0.5);&#8220; custom_css_subtitle=&#8220;text-shadow: 1px 1px 2px rgba(0,0,0,0.5);&#8220; background_url=&#8220;https:\/\/www.wendepunkt-freiburg.de\/content\/wp-content\/uploads\/2017\/04\/WEP-Widescreen-TauZiehen.jpg&#8220; button_one_letter_spacing_hover=&#8220;0&#8243; button_two_letter_spacing_hover=&#8220;0&#8243; global_colors_info=&#8220;{}&#8220; button_one_text_size__hover_enabled=&#8220;off&#8220; button_two_text_size__hover_enabled=&#8220;off&#8220; button_one_text_color__hover_enabled=&#8220;off&#8220; button_two_text_color__hover_enabled=&#8220;off&#8220; button_one_border_width__hover_enabled=&#8220;off&#8220; button_two_border_width__hover_enabled=&#8220;off&#8220; button_one_border_color__hover_enabled=&#8220;off&#8220; button_two_border_color__hover_enabled=&#8220;off&#8220; button_one_border_radius__hover_enabled=&#8220;off&#8220; button_two_border_radius__hover_enabled=&#8220;off&#8220; button_one_letter_spacing__hover_enabled=&#8220;on&#8220; button_one_letter_spacing__hover=&#8220;0&#8243; button_two_letter_spacing__hover_enabled=&#8220;on&#8220; button_two_letter_spacing__hover=&#8220;0&#8243; button_one_bg_color__hover_enabled=&#8220;off&#8220; button_two_bg_color__hover_enabled=&#8220;off&#8220;][\/et_pb_fullwidth_header][\/et_pb_section][et_pb_section fb_built=&#8220;1&#8243; admin_label=&#8220;Sektion&#8220; _builder_version=&#8220;4.16&#8243; background_color=&#8220;#7cda24&#8243; transparent_background=&#8220;off&#8220; make_fullwidth=&#8220;off&#8220; use_custom_width=&#8220;off&#8220; width_unit=&#8220;on&#8220; global_colors_info=&#8220;{}&#8220;][et_pb_row admin_label=&#8220;Zeile&#8220; _builder_version=&#8220;4.16&#8243; background_size=&#8220;initial&#8220; background_position=&#8220;top_left&#8220; background_repeat=&#8220;repeat&#8220; global_colors_info=&#8220;{}&#8220;][et_pb_column type=&#8220;4_4&#8243; _builder_version=&#8220;4.16&#8243; custom_padding=&#8220;|||&#8220; global_colors_info=&#8220;{}&#8220; custom_padding__hover=&#8220;|||&#8220;][et_pb_text admin_label=&#8220;Werden Sie F\u00f6rdermitglied bei Wendepunkt&#8220; _builder_version=&#8220;4.16&#8243; background_size=&#8220;initial&#8220; background_position=&#8220;top_left&#8220; background_repeat=&#8220;repeat&#8220; text_orientation=&#8220;center&#8220; background_layout=&#8220;dark&#8220; module_alignment=&#8220;center&#8220; use_border_color=&#8220;off&#8220; border_color=&#8220;#ffffff&#8220; border_style=&#8220;solid&#8220; global_colors_info=&#8220;{}&#8220;]<\/p>\n<h1>Werden Sie F\u00f6rdermitglied bei Wendepunkt<\/h1>\n<p>[\/et_pb_text][\/et_pb_column][\/et_pb_row][\/et_pb_section][et_pb_section fb_built=&#8220;1&#8243; admin_label=&#8220;Sektion&#8220; _builder_version=&#8220;4.16&#8243; global_colors_info=&#8220;{}&#8220;][et_pb_row admin_label=&#8220;Zeile&#8220; _builder_version=&#8220;4.16&#8243; background_size=&#8220;initial&#8220; background_position=&#8220;top_left&#8220; background_repeat=&#8220;repeat&#8220; global_colors_info=&#8220;{}&#8220; column_structure=&#8220;1_3,2_3&#8243;][et_pb_column type=&#8220;1_3&#8243; _builder_version=&#8220;4.16&#8243; custom_padding=&#8220;|||&#8220; global_colors_info=&#8220;{}&#8220; custom_padding__hover=&#8220;|||&#8220;][et_pb_image src=&#8220;https:\/\/www.wendepunkt-freiburg.de\/content\/wp-content\/uploads\/2017\/04\/WP-Teaser-Hinschauen-Solo-250px.png&#8220; title_text=&#8220;Sexueller Missbrauch? Hinschauen statt wegsehen!&#8220; align_tablet=&#8220;center&#8220; align_last_edited=&#8220;on|desktop&#8220; admin_label=&#8220;Bild&#8220; _builder_version=&#8220;4.16&#8243; animation_style=&#8220;slide&#8220; animation_direction=&#8220;left&#8220; animation_duration=&#8220;500ms&#8220; animation_intensity_slide=&#8220;10%&#8220; use_border_color=&#8220;off&#8220; border_color=&#8220;#ffffff&#8220; border_style=&#8220;solid&#8220; animation=&#8220;left&#8220; sticky=&#8220;off&#8220; always_center_on_mobile=&#8220;on&#8220; global_colors_info=&#8220;{}&#8220; align_phone=&#8220;center&#8220;][\/et_pb_image][et_pb_text admin_label=&#8220;Text&#8220; _builder_version=&#8220;4.16&#8243; background_size=&#8220;initial&#8220; background_position=&#8220;top_left&#8220; background_repeat=&#8220;repeat&#8220; use_border_color=&#8220;off&#8220; border_color=&#8220;#ffffff&#8220; border_style=&#8220;solid&#8220; global_colors_info=&#8220;{}&#8220;]Sie k\u00f6nnen das Formular hier herunterladen oder \u00fcber unsere Kontaktseite bestellen.<br \/>\n[\/et_pb_text][\/et_pb_column][et_pb_column type=&#8220;2_3&#8243; _builder_version=&#8220;4.16&#8243; custom_padding=&#8220;|||&#8220; global_colors_info=&#8220;{}&#8220; custom_padding__hover=&#8220;|||&#8220;][et_pb_text admin_label=&#8220;Text&#8220; _builder_version=&#8220;4.16&#8243; background_size=&#8220;initial&#8220; background_position=&#8220;top_left&#8220; background_repeat=&#8220;repeat&#8220; use_border_color=&#8220;off&#8220; border_color=&#8220;#ffffff&#8220; border_style=&#8220;solid&#8220; global_colors_info=&#8220;{}&#8220;]<\/p>\n<div id=\"c5\" class=\"csc-default\">\n<ul class=\"csc-bulletlist csc-bulletlist-0\">\n<li class=\"odd\">Jede Person oder Institution kann F\u00f6rdermitglied bei Wendepunkt e.V. werden.<\/li>\n<li class=\"even\">Aktive Mitglieder werden von der Mitgliederversammlung aufgenommen und haben ein Stimmrecht.<\/li>\n<li class=\"odd\">Der Jahresbeitrag liegt bei mindestens 75,- EUR pro Jahr \u2013 h\u00f6here Beitr\u00e4ge sind nat\u00fcrlich willkommen.<\/li>\n<li class=\"even\">Ein erm\u00e4\u00dfigter Mindestsatz von 40,- Euro pro Jahr gilt f\u00fcr Sch\u00fclerInnen, Studierende und Arbeitslose.<\/li>\n<li class=\"odd\">Der Mindestbeitrag f\u00fcr Firmen betr\u00e4gt 150,- EUR pro Jahr \u2013 und jeder Euro mehr hilft uns weiter &#8230;<\/li>\n<\/ul>\n<\/div>\n<p>[\/et_pb_text][et_pb_button button_url=&#8220;https:\/\/www.wendepunkt-freiburg.de\/content\/wp-content\/uploads\/2024\/07\/WENDEpunkt-Mitgliedsantrag-240626.pdf&#8220; url_new_window=&#8220;on&#8220; button_text=&#8220;Mitgliedsantrag herunterladen&#8220; button_alignment=&#8220;left&#8220; admin_label=&#8220;Button Pdf Download&#8220; _builder_version=&#8220;4.25.2&#8243; custom_button=&#8220;on&#8220; button_text_color=&#8220;#68b022&#8243; button_border_color=&#8220;#68b022&#8243; button_icon=&#8220;&#xe004;||divi||400&#8243; hover_enabled=&#8220;0&#8243; button_letter_spacing_hover=&#8220;0&#8243; global_colors_info=&#8220;{}&#8220; button_text_size__hover_enabled=&#8220;off&#8220; button_one_text_size__hover_enabled=&#8220;off&#8220; button_two_text_size__hover_enabled=&#8220;off&#8220; button_text_color__hover_enabled=&#8220;off&#8220; button_one_text_color__hover_enabled=&#8220;off&#8220; button_two_text_color__hover_enabled=&#8220;off&#8220; button_border_width__hover_enabled=&#8220;off&#8220; button_one_border_width__hover_enabled=&#8220;off&#8220; button_two_border_width__hover_enabled=&#8220;off&#8220; button_border_color__hover_enabled=&#8220;off&#8220; button_one_border_color__hover_enabled=&#8220;off&#8220; button_two_border_color__hover_enabled=&#8220;off&#8220; button_border_radius__hover_enabled=&#8220;off&#8220; button_one_border_radius__hover_enabled=&#8220;off&#8220; button_two_border_radius__hover_enabled=&#8220;off&#8220; button_letter_spacing__hover_enabled=&#8220;on&#8220; button_letter_spacing__hover=&#8220;0&#8243; button_one_letter_spacing__hover_enabled=&#8220;off&#8220; button_two_letter_spacing__hover_enabled=&#8220;off&#8220; button_bg_color__hover_enabled=&#8220;off&#8220; button_one_bg_color__hover_enabled=&#8220;off&#8220; button_two_bg_color__hover_enabled=&#8220;off&#8220; sticky_enabled=&#8220;0&#8243;][\/et_pb_button][\/et_pb_column][\/et_pb_row][\/et_pb_section][et_pb_section fb_built=&#8220;1&#8243; admin_label=&#8220;Sektion&#8220; _builder_version=&#8220;4.16&#8243; background_color=&#8220;rgba(124,218,36,0.1)&#8220; transparent_background=&#8220;off&#8220; make_fullwidth=&#8220;off&#8220; use_custom_width=&#8220;off&#8220; width_unit=&#8220;on&#8220; global_colors_info=&#8220;{}&#8220;][et_pb_row admin_label=&#8220;Zeile&#8220; _builder_version=&#8220;4.16&#8243; background_size=&#8220;initial&#8220; background_position=&#8220;top_left&#8220; background_repeat=&#8220;repeat&#8220; global_colors_info=&#8220;{}&#8220;][et_pb_column type=&#8220;4_4&#8243; _builder_version=&#8220;4.16&#8243; custom_padding=&#8220;|||&#8220; global_colors_info=&#8220;{}&#8220; custom_padding__hover=&#8220;|||&#8220;][et_pb_text admin_label=&#8220;Text&#8220; _builder_version=&#8220;4.25.2&#8243; background_size=&#8220;initial&#8220; background_position=&#8220;top_left&#8220; background_repeat=&#8220;repeat&#8220; hover_enabled=&#8220;0&#8243; use_border_color=&#8220;off&#8220; border_color=&#8220;#ffffff&#8220; border_style=&#8220;solid&#8220; global_colors_info=&#8220;{}&#8220; text_orientation=&#8220;center&#8220; sticky_enabled=&#8220;0&#8243;]<\/p>\n<h3>Unsere Mitglieder sind eine wichtige Basis f\u00fcr unseren finanziellen Boden.<br \/>\nWerden auch Sie Mitglied und unterst\u00fctzen Sie unsere Arbeit!<\/h3>\n<p>[\/et_pb_text][\/et_pb_column][\/et_pb_row][\/et_pb_section]<\/p>\n","protected":false},"excerpt":{"rendered":"<p>Werden Sie F\u00f6rdermitglied bei Wendepunkt Sie k\u00f6nnen das Formular hier herunterladen oder \u00fcber unsere Kontaktseite bestellen. Jede Person oder Institution kann F\u00f6rdermitglied bei Wendepunkt e.V. werden. Aktive Mitglieder werden von der Mitgliederversammlung aufgenommen und haben ein Stimmrecht. Der Jahresbeitrag liegt bei mindestens 75,- EUR pro Jahr \u2013 h\u00f6here Beitr\u00e4ge sind nat\u00fcrlich willkommen. Ein erm\u00e4\u00dfigter Mindestsatz von 40,- Euro pro Jahr gilt f\u00fcr Sch\u00fclerInnen, Studierende und Arbeitslose. Der Mindestbeitrag f\u00fcr Firmen betr\u00e4gt 150,- EUR pro Jahr \u2013 und jeder Euro mehr hilft uns weiter &#8230; Unsere Mitglieder sind eine wichtige Basis f\u00fcr unseren finanziellen Boden. Werden auch Sie Mitglied und unterst\u00fctzen Sie unsere Arbeit!<\/p>\n","protected":false},"author":1,"featured_media":0,"parent":28732,"menu_order":6,"comment_status":"closed","ping_status":"closed","template":"","meta":{"_et_pb_use_builder":"on","_et_pb_old_content":"","_et_gb_content_width":"","footnotes":""},"class_list":["post-28788","page","type-page","status-publish","hentry"],"_links":{"self":[{"href":"https:\/\/www.wendepunkt-freiburg.de\/content\/wp-json\/wp\/v2\/pages\/28788","targetHints":{"allow":["GET"]}}],"collection":[{"href":"https:\/\/www.wendepunkt-freiburg.de\/content\/wp-json\/wp\/v2\/pages"}],"about":[{"href":"https:\/\/www.wendepunkt-freiburg.de\/content\/wp-json\/wp\/v2\/types\/page"}],"author":[{"embeddable":true,"href":"https:\/\/www.wendepunkt-freiburg.de\/content\/wp-json\/wp\/v2\/users\/1"}],"replies":[{"embeddable":true,"href":"https:\/\/www.wendepunkt-freiburg.de\/content\/wp-json\/wp\/v2\/comments?post=28788"}],"version-history":[{"count":0,"href":"https:\/\/www.wendepunkt-freiburg.de\/content\/wp-json\/wp\/v2\/pages\/28788\/revisions"}],"up":[{"embeddable":true,"href":"https:\/\/www.wendepunkt-freiburg.de\/content\/wp-json\/wp\/v2\/pages\/28732"}],"wp:attachment":[{"href":"https:\/\/www.wendepunkt-freiburg.de\/content\/wp-json\/wp\/v2\/media?parent=28788"}],"curies":[{"name":"wp","href":"https:\/\/api.w.org\/{rel}","templated":true}]}}