{"id":29116,"date":"2017-04-18T02:27:54","date_gmt":"2017-04-18T00:27:54","guid":{"rendered":"https:\/\/www.wendepunkt-freiburg.de\/content\/top\/ueber-uns\/historie\/"},"modified":"2017-04-21T08:54:38","modified_gmt":"2017-04-21T06:54:38","slug":"historie","status":"publish","type":"page","link":"https:\/\/www.wendepunkt-freiburg.de\/content\/top\/ueber-uns\/historie\/","title":{"rendered":"Historie"},"content":{"rendered":"<p>[et_pb_section bb_built=&#8220;1&#8243; admin_label=&#8220;Sektion&#8220; fullwidth=&#8220;on&#8220; specialty=&#8220;off&#8220; transparent_background=&#8220;off&#8220; allow_player_pause=&#8220;off&#8220; inner_shadow=&#8220;off&#8220; parallax=&#8220;off&#8220; parallax_method=&#8220;on&#8220; make_fullwidth=&#8220;off&#8220; use_custom_width=&#8220;off&#8220; width_unit=&#8220;on&#8220; make_equal=&#8220;off&#8220; use_custom_gutter=&#8220;off&#8220;][et_pb_fullwidth_header admin_label=&#8220;Vollbreite Kopfzeile&#8220; title=&#8220;As time goes by &#8230;&#8220; subhead=&#8220;Unser Weg seit 1984.&#8220; background_layout=&#8220;dark&#8220; text_orientation=&#8220;left&#8220; header_fullscreen=&#8220;on&#8220; header_scroll_down=&#8220;on&#8220; background_url=&#8220;https:\/\/www.wendepunkt-freiburg.de\/content\/wp-content\/uploads\/2017\/04\/WEP-Widescreen-Sanduhr.jpg&#8220; parallax=&#8220;on&#8220; parallax_method=&#8220;off&#8220; content_orientation=&#8220;center&#8220; image_orientation=&#8220;center&#8220; custom_button_one=&#8220;off&#8220; button_one_letter_spacing=&#8220;0&#8243; button_one_use_icon=&#8220;default&#8220; button_one_icon_placement=&#8220;right&#8220; button_one_on_hover=&#8220;on&#8220; button_one_letter_spacing_hover=&#8220;0&#8243; custom_button_two=&#8220;off&#8220; button_two_letter_spacing=&#8220;0&#8243; button_two_use_icon=&#8220;default&#8220; button_two_icon_placement=&#8220;right&#8220; button_two_on_hover=&#8220;on&#8220; button_two_letter_spacing_hover=&#8220;0&#8243; background_overlay_color=&#8220;rgba(0,0,0,0.1)&#8220; title_font_size=&#8220;40&#8243; subhead_font_size=&#8220;24&#8243; custom_css_title=&#8220;text-shadow: 1px 1px 2px rgba(0,0,0,0.5);&#8220; custom_css_subtitle=&#8220;text-shadow: 1px 1px 2px rgba(0,0,0,0.5);&#8220; \/][\/et_pb_section][et_pb_section bb_built=&#8220;1&#8243; admin_label=&#8220;section&#8220;][et_pb_row admin_label=&#8220;Zeile&#8220;][et_pb_column type=&#8220;4_4&#8243;][et_pb_text admin_label=&#8220;\u00dcberschrift&#8220; background_layout=&#8220;light&#8220; text_orientation=&#8220;left&#8220; use_border_color=&#8220;off&#8220; border_color=&#8220;#ffffff&#8220; border_style=&#8220;solid&#8220;]<\/p>\n<h1 style=\"text-align: center;\">Wendepunkt e.V. \u2013 Eine bewegende Geschichte<\/h1>\n<p>[\/et_pb_text][\/et_pb_column][\/et_pb_row][et_pb_row admin_label=&#8220;row&#8220;][et_pb_column type=&#8220;4_4&#8243;][et_pb_accordion admin_label=&#8220;Akkordeon&#8220; use_border_color=&#8220;off&#8220; border_color=&#8220;#ffffff&#8220; border_style=&#8220;solid&#8220;] [et_pb_accordion_item title=&#8220;1984 &#8211; Der Anfang&#8220;]<\/p>\n<p>Die Beratungsstelle hat ihren Ursprung in dem <strong>1984<\/strong> von engagierten Frauen in Freiburg gegr\u00fcndeten Arbeitskreis gegen sexuellen Missbrauch an Kindern und Jugendlichen.<\/p>\n<p>Wir freuen uns, Ihnen nachfolgend einen kleinen R\u00fcckblick \u00fcber die mittlerweile 4 Dekaden zeigen zu k\u00f6nnen, in denen Wendepunkt sich engagiert einsetzt.<\/p>\n<p>[\/et_pb_accordion_item][et_pb_accordion_item title=&#8220;Die 1980er&#8220;]<\/p>\n<p><strong>1985<\/strong> wurden von diesem Arbeitskreis erstmals Beratungszeiten angeboten und eine Selbsthilfegruppe f\u00fcr betroffene Frauen ins Leben gerufen.<\/p>\n<p>Anl\u00e4sslich der Vereinsgr\u00fcndung <strong>1988<\/strong> wurde satzungsgem\u00e4\u00df verankert, dass Wendepunkt e.V. niederschwellige Hilfsangebote sowohl f\u00fcr betroffene M\u00e4dchen und Jungen, als auch Frauen und M\u00e4nner anbietet.<\/p>\n<p>Im Jahr <strong>1989<\/strong> erhielt der inzwischen als gemeinn\u00fctzig anerkannte Verein einen Sachkostenzuschuss in H\u00f6he von DM 5000,- von der Stadt Freiburg. Die Beratungs- und Fortbildungsanfragen haben rasch zugenommen. In Zusammenarbeit mit Pro Familia Freiburg wurde eine &#8222;Interdisziplin\u00e4re Berufsgruppe&#8220; gegr\u00fcndet, die bis heute regen Zuspruch findet.<\/p>\n<p>[\/et_pb_accordion_item][et_pb_accordion_item title=&#8220;Die 1990er&#8220;]<\/p>\n<p><strong>1991<\/strong> kam die Zusage der Stadt Freiburg, eine halbe Sozialp\u00e4dagoginnenstelle zu finanzieren. Noch im selben Jahr wurde der Verein korporatives Mitglied beim Deutschen Roten Kreuz im Kreisverband Freiburg.<\/p>\n<p>Die ersten eigenen R\u00e4ume bezog Wendepunkt <strong>1992<\/strong> im Kunzenweg 24.<\/p>\n<p>Das Jahr <strong>1993<\/strong> brachte breite \u00f6ffentliche Anerkennung f\u00fcr die engagierte T\u00e4tigkeit von Wendepunkt. Der zum ersten Mal verliehene &#8222;Fritz-Munder-Preis&#8220; ging gemeinsam an den Zirkus Harlekin und die Einrichtung Wendepunkt f\u00fcr besonderes ehrenamtliches Engagement im Bereich der Jugendarbeit.<\/p>\n<p>Mit Unterst\u00fctzung von F\u00f6rdermitgliedern konnte <strong>1994<\/strong> eine weitere Frauenstelle (50%) eingerichtet werden, die ab <strong>1995<\/strong> von der Stadt Freiburg bezuschusst wurde.<\/p>\n<p><strong>1995<\/strong> wurde die Ausstellung und Veranstaltungsreihe mit dem Motto &#8222;Mut tut gut!&#8220; durchgef\u00fchrt.<\/p>\n<p>Der Wunsch nach mehr Stadtn\u00e4he erf\u00fcllte sich im Jahr <strong>1996<\/strong> mit dem Umzug in die Schwarzwaldstra\u00dfe 24. Der &#8222;Wegweiser f\u00fcr Fachkr\u00e4fte &#8211; zur interdisziplin\u00e4ren Zusammenarbeit bei sexuellem Missbrauch&#8220; wurde ver\u00f6ffentlicht.<\/p>\n<p><strong>1997<\/strong> wurde das Jahr mit einer Ausstellung im VHS-Zentrum Freiburg mit dem Titel &#8222;Hinschauen statt Wegsehen&#8220; begonnen und endete mit einer breit angelegten Veranstaltungsreihe.<\/p>\n<p>Im Jahr <strong>1998<\/strong>, zum 10-j\u00e4hrigen Bestehen, feierten wir die Premiere unseres ersten Theaterst\u00fcckes \u201eHau ab Du Angst\u201c im B\u00fcrgerhaus am Seepark anl\u00e4sslich des Weltkindertages.<\/p>\n<p><strong>1999<\/strong> bekommt Wendepunkt eine eigene Webseite.<\/p>\n<p>[\/et_pb_accordion_item][et_pb_accordion_item title=&#8220;Die 2000er&#8220;]<\/p>\n<p>Im Jahr <strong>2000<\/strong> schneiden Freiburger Friseure f\u00fcr den Guten Zweck. Die Einnahmen aus dem \u201eCutting for\u201c gehen an Wendepunkt.<\/p>\n<p>Mit der finanziellen Unterst\u00fctzung der \u201eAktion Mensch\u201c konnte endlich auch ein m\u00e4nnlicher Mitarbeiter (50%) f\u00fcr die geschlechtsspezifische Arbeit mit Jungen und M\u00e4nnern eingestellt werden. Der Umzug in die Hornusstra\u00dfe 16 erfolgte im Jahr <strong>2001<\/strong>.<\/p>\n<p><strong>2002<\/strong> entschied sich Wendepunkt eine Stelle f\u00fcr gesch\u00e4ftsf\u00fchrende Aufgaben (25%) zu schaffen.<\/p>\n<p>Das 15-j\u00e4hrige Jubil\u00e4um wurde <strong>2003<\/strong> mit einer Lesung, einer Vernissage und der Theaterauff\u00fchrung gefeiert.<\/p>\n<p>Der Fortbildungsbereich wird ausgebaut. Spezifische Angebote f\u00fcr soziale Einrichtungen werden ab <strong>2004<\/strong> angeboten.<\/p>\n<p>In <strong>2005<\/strong> schafft der Bundesverein f\u00fcr Pr\u00e4vention einen TV-Spot in Auftrag zu geben, aus dem die bundesweite Anlaufstelle N.I.N.A. entsteht. Eine Wendepunktmitarbeiterin ist in dem Vorstand vertreten.<br \/>\nDas Theaterst\u00fcck \u201eHau ab Du Angst\u201c wurde im Spiegelzelt beim Zeltmusikfestival (ZMF) in Freiburg aufgef\u00fchrt.<\/p>\n<p>Wendepunkt hat einen Pr\u00e4ventionsstand auf der Badenmesse <strong>2006<\/strong>.<br \/>\nMit der finanziellen Unterst\u00fctzung der Agentur f\u00fcr Arbeit konnte eine eigene Pr\u00e4ventionsstelle (50%) eingerichtet werden.<\/p>\n<p>In <strong>2007<\/strong> folgten umfassende Pr\u00e4ventionsangebote f\u00fcr den Grundschulbereich, in dem Einheiten f\u00fcr die Sch\u00fclerInnen, Fortbildungen f\u00fcr die LehrerInnen und ein Elternabend angeboten wurden.<\/p>\n<p>20 Jahre Wendepunkt &#8211; zum Geburtstag machte Wendepunkt Geschenke. Mit der Unterst\u00fctzung der jeweiligen B\u00fcrgermeister vor Ort bot Wendepunkt kostenlose Informationsveranstaltungen rund um Freiburg an. Waldkirch, Staufen, Kirchzarten, Gundelfingen, Titisee-Neustadt nahmen das Geschenk sehr gern an.<\/p>\n<p>Im Historischen Kaufhaus fand <strong>2008<\/strong> \u201eGute Gesch\u00e4fte\u201c statt &#8211; ein Handel mit Ressourcen zwischen Firmen und sozialen Einrichtungen. So kam es, dass die Firma Sick AG uns tatkr\u00e4ftig beim anstehenden Umzug in die Kronenstra\u00dfe 14 unterst\u00fctzte, wo Wendepunkt seit <strong>2009<\/strong> ans\u00e4ssig ist. Die neue Nachbarschaft wurde zu einem \u201eTag der offenen T\u00fcr\u201c eingeladen, als der 20,5-te Geburtstag gefeiert wurde.<\/p>\n<p>Wendepunkt wird von der \u201eInformations- und Beratungsstelle\u201c zur \u201eFachstelle gegen sexuellen Missbrauch an M\u00e4dchen und Jungen\u201c.<\/p>\n<p>[\/et_pb_accordion_item][et_pb_accordion_item title=&#8220;Die 2010er&#8220;]<\/p>\n<p>Die Deutsche Bischofskonferenz tagt <strong>2010<\/strong> in Freiburg. Eine Welle von Missbrauchsf\u00e4llen innerhalb der katholischen Kirche und Internaten erreicht die \u00d6ffentlichkeit. Wendepunkt bietet der Erzdi\u00f6zese Freiburg Hilfe und Unterst\u00fctzung bei der Aufarbeitung an. Der Anfang einer guten Kooperationsarbeit. Das Kolleg St. Blasien wird ebenfalls Kooperationspartner.<\/p>\n<p>Im selben Jahr k\u00f6nnen gleich zwei neue Pr\u00e4ventionsprojekte starten. Erstmalig kann \u201eP.U.G.S.\u201c- Pr\u00e4vention und geschlechtsspezifische Sexualp\u00e4dagogik im Kindergarten angeboten werden. Es ist ein Kooperationsprojekt mit der Pro Familia Freiburg, das vor allem durch die F\u00f6rderung der Software AG und weiterer Spender m\u00f6glich wurde. Mit \u201eNo GO\u201c startete die Pr\u00e4vention bei sexuell grenzverletzenden Jungen.<\/p>\n<p>Das Fortbildungsangebot von Wendepunkt wird ab <strong>2011<\/strong> gebucht wie nie zuvor. Informationsveranstaltungen f\u00fcr die Dekanate der Erzdi\u00f6zese finden in Singen, Offenburg und Bad Krozingen statt.<\/p>\n<p>Im Mai <strong>2012<\/strong> findet der 1. Fachtag gegen sexuelle Gewalt an Jungen und M\u00e4nnern in Kooperation mit der Deutschen Gesellschaft f\u00fcr Pr\u00e4vention und Intervention, der DGfPI, unter der Leitung von Wendepunkt im Historischen Kaufhaus in Freiburg statt.<\/p>\n<p><strong>2013<\/strong> feiert Wendepunkt das 25-j\u00e4hrige Jubil\u00e4um mit der Fotoausstellung \u201eHinschauen\u201c in der Galerie des E-Werkes. Ungew\u00f6hnliche Portraitaufnahmen der Fotografin Britt Schilling zeigen unterschiedliche Menschen und Motivationen, die Wendepunkt seither finanziell oder ideell unterst\u00fctzt haben. Am 2. Oktober folgt ein Benefizkonzert im E-Werk Freiburg.<\/p>\n<p>Nach l\u00e4ngeren Verhandlungen und Absprachen konnten wir mit der Stadt Freiburg eine \u201eStatuskl\u00e4rung\u201c erreichen. Alle derzeitigen MitarbeiterInnen von Wendepunkt gelten als \u201eInsofern erfahrene Fachkraft\u201c (ieF) bei Kindeswohlgef\u00e4hrdung nach SGB \u00a78a. Dies ist f\u00fcr uns eine wichtige fachliche Anerkennung und Wertsch\u00e4tzung unserer Arbeit.<\/p>\n<p>Wir erarbeiten Ethikrichtlinien unserer Arbeit. Nach einer fruchtbaren Auseinandersetzung damit, konnten wir f\u00fcr uns eigene Ideen entwickeln, Vorhandenes erg\u00e4nzen, zum Teil aber auch \u00fcbernehmen. Der Endschliff erfolgte gemeinsam mit dem Vorstand am Strukturtag in <strong>2015<\/strong>.<\/p>\n<p><strong>2016<\/strong> wurde ein Grundschulprojekt zur Pr\u00e4vention von sexuellem Missbrauch bei gefl\u00fcchteten M\u00e4dchen entwickelt und durchgef\u00fchrt.<br \/>\nSeit langer Zeit wird wieder ein Jahresbericht erstellt.<\/p>\n<p>[\/et_pb_accordion_item] [\/et_pb_accordion][\/et_pb_column][\/et_pb_row][\/et_pb_section]<\/p>\n","protected":false},"excerpt":{"rendered":"<p>Wendepunkt e.V. \u2013 Eine bewegende Geschichte Die Beratungsstelle hat ihren Ursprung in dem 1984 von engagierten Frauen in Freiburg gegr\u00fcndeten Arbeitskreis gegen sexuellen Missbrauch an Kindern und Jugendlichen. Wir freuen uns, Ihnen nachfolgend einen kleinen R\u00fcckblick \u00fcber die mittlerweile 4 Dekaden zeigen zu k\u00f6nnen, in denen Wendepunkt sich engagiert einsetzt. 1985 wurden von diesem Arbeitskreis erstmals Beratungszeiten angeboten und eine Selbsthilfegruppe f\u00fcr betroffene Frauen ins Leben gerufen. Anl\u00e4sslich der Vereinsgr\u00fcndung 1988 wurde satzungsgem\u00e4\u00df verankert, dass Wendepunkt e.V. niederschwellige Hilfsangebote sowohl f\u00fcr betroffene M\u00e4dchen und Jungen, als auch Frauen und M\u00e4nner anbietet. Im Jahr 1989 erhielt der inzwischen als gemeinn\u00fctzig anerkannte Verein einen Sachkostenzuschuss in H\u00f6he von DM 5000,- von der Stadt Freiburg. Die Beratungs- und Fortbildungsanfragen haben rasch zugenommen. In Zusammenarbeit mit Pro Familia Freiburg wurde eine &#8222;Interdisziplin\u00e4re Berufsgruppe&#8220; gegr\u00fcndet, die bis heute regen Zuspruch findet. 1991 kam die Zusage der Stadt Freiburg, eine halbe Sozialp\u00e4dagoginnenstelle zu finanzieren. Noch im selben Jahr wurde der Verein korporatives Mitglied beim Deutschen Roten Kreuz im Kreisverband Freiburg. Die ersten eigenen R\u00e4ume bezog Wendepunkt 1992 im Kunzenweg 24. Das Jahr 1993 brachte breite \u00f6ffentliche Anerkennung f\u00fcr die engagierte T\u00e4tigkeit von Wendepunkt. Der zum ersten Mal verliehene &#8222;Fritz-Munder-Preis&#8220; ging gemeinsam an den Zirkus Harlekin und [&hellip;]<\/p>\n","protected":false},"author":1,"featured_media":0,"parent":28757,"menu_order":7,"comment_status":"closed","ping_status":"closed","template":"","meta":{"_et_pb_use_builder":"on","_et_pb_old_content":"","_et_gb_content_width":"","footnotes":""},"class_list":["post-29116","page","type-page","status-publish","hentry"],"_links":{"self":[{"href":"https:\/\/www.wendepunkt-freiburg.de\/content\/wp-json\/wp\/v2\/pages\/29116","targetHints":{"allow":["GET"]}}],"collection":[{"href":"https:\/\/www.wendepunkt-freiburg.de\/content\/wp-json\/wp\/v2\/pages"}],"about":[{"href":"https:\/\/www.wendepunkt-freiburg.de\/content\/wp-json\/wp\/v2\/types\/page"}],"author":[{"embeddable":true,"href":"https:\/\/www.wendepunkt-freiburg.de\/content\/wp-json\/wp\/v2\/users\/1"}],"replies":[{"embeddable":true,"href":"https:\/\/www.wendepunkt-freiburg.de\/content\/wp-json\/wp\/v2\/comments?post=29116"}],"version-history":[{"count":0,"href":"https:\/\/www.wendepunkt-freiburg.de\/content\/wp-json\/wp\/v2\/pages\/29116\/revisions"}],"up":[{"embeddable":true,"href":"https:\/\/www.wendepunkt-freiburg.de\/content\/wp-json\/wp\/v2\/pages\/28757"}],"wp:attachment":[{"href":"https:\/\/www.wendepunkt-freiburg.de\/content\/wp-json\/wp\/v2\/media?parent=29116"}],"curies":[{"name":"wp","href":"https:\/\/api.w.org\/{rel}","templated":true}]}}