{"id":29185,"date":"2017-04-18T13:51:58","date_gmt":"2017-04-18T11:51:58","guid":{"rendered":"https:\/\/www.wendepunkt-freiburg.de\/content\/main\/praevention\/fortbildung\/"},"modified":"2025-03-18T15:05:43","modified_gmt":"2025-03-18T14:05:43","slug":"fortbildung","status":"publish","type":"page","link":"https:\/\/www.wendepunkt-freiburg.de\/content\/main\/praevention\/fortbildung\/","title":{"rendered":"Fortbildung \/ Schutzkonzept"},"content":{"rendered":"<p>[et_pb_section fb_built=&#8220;1&#8243; fullwidth=&#8220;on&#8220; _builder_version=&#8220;4.16&#8243; transparent_background=&#8220;off&#8220; make_fullwidth=&#8220;off&#8220; use_custom_width=&#8220;off&#8220; width_unit=&#8220;on&#8220; global_colors_info=&#8220;{}&#8220;][et_pb_fullwidth_header title=&#8220;Unser Fortbildungsangebot&#8220; subhead=&#8220;Bausteine f\u00fcr eine erfolgreiche Pr\u00e4vention&#8220; header_fullscreen=&#8220;on&#8220; header_scroll_down=&#8220;on&#8220; background_overlay_color=&#8220;rgba(0,0,0,0.1)&#8220; content_max_width=&#8220;none&#8220; _builder_version=&#8220;4.16&#8243; title_font_size=&#8220;40&#8243; subhead_font_size=&#8220;24&#8243; background_color=&#8220;rgba(255, 255, 255, 0)&#8220; background_image=&#8220;https:\/\/www.wendepunkt-freiburg.de\/content\/wp-content\/uploads\/2017\/04\/WEP-Widescreen-Bausteine.jpg&#8220; parallax=&#8220;on&#8220; custom_css_title=&#8220;text-shadow: 1px 1px 2px rgba(0,0,0,0.5);&#8220; custom_css_subtitle=&#8220;text-shadow: 1px 1px 2px rgba(0,0,0,0.5);&#8220; background_url=&#8220;https:\/\/www.wendepunkt-freiburg.de\/content\/wp-content\/uploads\/2017\/04\/WEP-Widescreen-Bausteine.jpg&#8220; button_one_letter_spacing_hover=&#8220;0&#8243; button_two_letter_spacing_hover=&#8220;0&#8243; global_colors_info=&#8220;{}&#8220; button_one_text_size__hover_enabled=&#8220;off&#8220; button_two_text_size__hover_enabled=&#8220;off&#8220; button_one_text_color__hover_enabled=&#8220;off&#8220; button_two_text_color__hover_enabled=&#8220;off&#8220; button_one_border_width__hover_enabled=&#8220;off&#8220; button_two_border_width__hover_enabled=&#8220;off&#8220; button_one_border_color__hover_enabled=&#8220;off&#8220; button_two_border_color__hover_enabled=&#8220;off&#8220; button_one_border_radius__hover_enabled=&#8220;off&#8220; button_two_border_radius__hover_enabled=&#8220;off&#8220; button_one_letter_spacing__hover_enabled=&#8220;on&#8220; button_one_letter_spacing__hover=&#8220;0&#8243; button_two_letter_spacing__hover_enabled=&#8220;on&#8220; button_two_letter_spacing__hover=&#8220;0&#8243; button_one_bg_color__hover_enabled=&#8220;off&#8220; button_two_bg_color__hover_enabled=&#8220;off&#8220;][\/et_pb_fullwidth_header][\/et_pb_section][et_pb_section fb_built=&#8220;1&#8243; _builder_version=&#8220;4.16&#8243; background_color=&#8220;#7cda24&#8243; transparent_background=&#8220;off&#8220; make_fullwidth=&#8220;off&#8220; use_custom_width=&#8220;off&#8220; width_unit=&#8220;on&#8220; global_colors_info=&#8220;{}&#8220;][et_pb_row _builder_version=&#8220;4.16&#8243; background_size=&#8220;initial&#8220; background_position=&#8220;top_left&#8220; background_repeat=&#8220;repeat&#8220; global_colors_info=&#8220;{}&#8220;][et_pb_column type=&#8220;4_4&#8243; _builder_version=&#8220;4.16&#8243; custom_padding=&#8220;|||&#8220; global_colors_info=&#8220;{}&#8220; custom_padding__hover=&#8220;|||&#8220;][et_pb_text admin_label=&#8220;Unser Fortbildungsangebot&#8220; _builder_version=&#8220;4.16&#8243; background_size=&#8220;initial&#8220; background_position=&#8220;top_left&#8220; background_repeat=&#8220;repeat&#8220; text_orientation=&#8220;center&#8220; background_layout=&#8220;dark&#8220; module_alignment=&#8220;center&#8220; use_border_color=&#8220;off&#8220; border_color=&#8220;#ffffff&#8220; border_style=&#8220;solid&#8220; global_colors_info=&#8220;{}&#8220;]<\/p>\n<h1 style=\"text-align: center;\">Unser Fortbildungsangebot<\/h1>\n<h5 style=\"text-align: center;\">f\u00fcr alle, die haupt- oder ehrenamtlich mit Kindern, Jugendlichen oder erwachsenen Schutzbed\u00fcrftigen arbeiten<\/h5>\n<p>[\/et_pb_text][\/et_pb_column][\/et_pb_row][\/et_pb_section][et_pb_section fb_built=&#8220;1&#8243; specialty=&#8220;on&#8220; admin_label=&#8220;Sektion&#8220; _builder_version=&#8220;4.16&#8243; global_colors_info=&#8220;{}&#8220;][et_pb_column type=&#8220;3_4&#8243; specialty_columns=&#8220;3&#8243; _builder_version=&#8220;4.16&#8243; custom_padding=&#8220;|||&#8220; global_colors_info=&#8220;{}&#8220; custom_padding__hover=&#8220;|||&#8220;][et_pb_row_inner admin_label=&#8220;Zeile&#8220; _builder_version=&#8220;4.16&#8243; background_size=&#8220;initial&#8220; background_position=&#8220;top_left&#8220; background_repeat=&#8220;repeat&#8220; global_colors_info=&#8220;{}&#8220;][et_pb_column_inner saved_specialty_column_type=&#8220;3_4&#8243; _builder_version=&#8220;4.16&#8243; custom_padding=&#8220;|||&#8220; global_colors_info=&#8220;{}&#8220; custom_padding__hover=&#8220;|||&#8220;][et_pb_text _builder_version=&#8220;4.16&#8243; use_border_color=&#8220;off&#8220; border_color=&#8220;#ffffff&#8220; border_style=&#8220;solid&#8220; global_colors_info=&#8220;{}&#8220;]<\/p>\n<blockquote>\n<h5>Individuell zugeschnittene Fortbildungen<\/h5>\n<\/blockquote>\n<p>[\/et_pb_text][et_pb_text _builder_version=&#8220;4.16&#8243; background_size=&#8220;initial&#8220; background_position=&#8220;top_left&#8220; background_repeat=&#8220;repeat&#8220; use_border_color=&#8220;off&#8220; border_color=&#8220;#ffffff&#8220; border_style=&#8220;solid&#8220; global_colors_info=&#8220;{}&#8220;]<\/p>\n<p>Unser umfassendes und spezifisches Fortbildungsangebot richtet sich an alle, die haupt- oder ehrenamtlich mit Kindern, Jugendlichen oder erwachsenen Schutzbed\u00fcrftigen arbeiten. Die einzelnen Bausteine starten bei 3 Stunden, k\u00f6nnen aber auch mehrere Tage umfassen, je nach Bedarf.<\/p>\n<p>Unser Trainerteam stellt sich gern auf Ihre spezifischen W\u00fcnsche und Bed\u00fcrfnisse ein und gestaltet mit Ihnen gemeinsam ein individuell zugeschnittenes Konzept.<\/p>\n<p>&nbsp;<\/p>\n<p>Die Grundlage ist aber immer unser Basiswissen:<\/p>\n<p>[\/et_pb_text][et_pb_accordion _builder_version=&#8220;4.16&#8243; _module_preset=&#8220;default&#8220; global_colors_info=&#8220;{}&#8220;][et_pb_accordion_item title=&#8220;Basiswissen&#8220; open=&#8220;on&#8220; _builder_version=&#8220;4.16&#8243; _module_preset=&#8220;default&#8220; global_colors_info=&#8220;{}&#8220;]<\/p>\n<ul>\n<li>Definition<\/li>\n<li>Strafrecht<\/li>\n<li>Zahlen und Fakten zu sexuellem Missbrauch<\/li>\n<li>Psychodynamik: \u201eWas passiert zwischen Opfer und T\u00e4ter?\u201c<\/li>\n<li>Auswirkungen des sexuellen Missbrauchs und wie kann ich diese erkennen?<\/li>\n<\/ul>\n<p>[\/et_pb_accordion_item][\/et_pb_accordion][\/et_pb_column_inner][\/et_pb_row_inner][et_pb_row_inner admin_label=&#8220;Zeile&#8220; _builder_version=&#8220;4.16&#8243; background_size=&#8220;initial&#8220; background_position=&#8220;top_left&#8220; background_repeat=&#8220;repeat&#8220; global_colors_info=&#8220;{}&#8220;][et_pb_column_inner saved_specialty_column_type=&#8220;3_4&#8243; _builder_version=&#8220;4.16&#8243; custom_padding=&#8220;|||&#8220; global_colors_info=&#8220;{}&#8220; custom_padding__hover=&#8220;|||&#8220;][et_pb_text admin_label=&#8220;Text &#8212; Individuell zugeschnittene Fortbildungen&#8220; _builder_version=&#8220;4.27.0&#8243; border_style=&#8220;solid&#8220; global_colors_info=&#8220;{}&#8220;]<\/p>\n<blockquote>\n<h5>Individuell zugeschnittene Fortbildungen (Preis auf Anfrage)<\/h5>\n<\/blockquote>\n<p>[\/et_pb_text][\/et_pb_column_inner][\/et_pb_row_inner][et_pb_row_inner column_structure=&#8220;1_2,1_2&#8243; admin_label=&#8220;Zeile&#8220; _builder_version=&#8220;4.16&#8243; background_size=&#8220;initial&#8220; background_position=&#8220;top_left&#8220; background_repeat=&#8220;repeat&#8220; global_colors_info=&#8220;{}&#8220;][et_pb_column_inner type=&#8220;1_2&#8243; saved_specialty_column_type=&#8220;3_4&#8243; _builder_version=&#8220;4.16&#8243; custom_padding=&#8220;|||&#8220; global_colors_info=&#8220;{}&#8220; custom_padding__hover=&#8220;|||&#8220;][et_pb_accordion _builder_version=&#8220;4.27.0&#8243; use_border_color=&#8220;off&#8220; border_color=&#8220;#ffffff&#8220; border_style=&#8220;solid&#8220; global_colors_info=&#8220;{}&#8220;][et_pb_accordion_item title=&#8220;M\u00f6glichkeiten der Pr\u00e4vention&#8220; open=&#8220;on&#8220; _builder_version=&#8220;4.16&#8243; _module_preset=&#8220;default&#8220; global_colors_info=&#8220;{}&#8220;]<\/p>\n<div class=\"et_pb_toggle_content clearfix\">\n<ul>\n<li>Pr\u00e4ventionsbotschaften f\u00fcr M\u00e4dchen und Jungen<\/li>\n<li>Methoden der pr\u00e4ventiven Arbeit in der Schule<\/li>\n<li>Interventionsschritte bei einem Verdacht<\/li>\n<li>\u201eWie verhalte ich mich, wenn sich mir ein Kind anvertraut?\u201c<\/li>\n<\/ul>\n<\/div>\n<p>[\/et_pb_accordion_item][et_pb_accordion_item title=&#8220;Intervention \/ Umgang mit Betroffenen&#8220; _builder_version=&#8220;4.16&#8243; _module_preset=&#8220;default&#8220; global_colors_info=&#8220;{}&#8220; open=&#8220;off&#8220;]<\/p>\n<div class=\"et_pb_toggle_content clearfix\">\n<ul>\n<li>Verdachtsabkl\u00e4rung<\/li>\n<li>M\u00f6gliche Interventionsschritte<\/li>\n<li>Auswirkungen von sexuellen Missbrauch<\/li>\n<li>Umgang mit Schuld- und Schamgef\u00fchlen<\/li>\n<\/ul>\n<\/div>\n<p>[\/et_pb_accordion_item][et_pb_accordion_item title=&#8220;Hinf\u00fchrung zu sexualp\u00e4dagogischen Konzepten&#8220; _builder_version=&#8220;4.16&#8243; _module_preset=&#8220;default&#8220; global_colors_info=&#8220;{}&#8220; open=&#8220;off&#8220;]<\/p>\n<ul>\n<li>M\u00f6gliche Inhalte<\/li>\n<li>Professioneller Umgang mit sexuellen Aktivit\u00e4ten<\/li>\n<\/ul>\n<p>[\/et_pb_accordion_item][\/et_pb_accordion][\/et_pb_column_inner][et_pb_column_inner type=&#8220;1_2&#8243; saved_specialty_column_type=&#8220;3_4&#8243; _builder_version=&#8220;4.16&#8243; custom_padding=&#8220;|||&#8220; global_colors_info=&#8220;{}&#8220; custom_padding__hover=&#8220;|||&#8220;][et_pb_accordion _builder_version=&#8220;4.16&#8243; use_border_color=&#8220;off&#8220; border_color=&#8220;#ffffff&#8220; border_style=&#8220;solid&#8220; global_colors_info=&#8220;{}&#8220;][et_pb_accordion_item title=&#8220;Kindliche sexuelle Entwicklung und Grenzverletzungen unter Kindern&#8220; open=&#8220;on&#8220; _builder_version=&#8220;4.16&#8243; _module_preset=&#8220;default&#8220; global_colors_info=&#8220;{}&#8220;]<\/p>\n<ul>\n<li>Abgrenzung kindlicher von erwachsener Sexualit\u00e4t<\/li>\n<li>Psychosexuelle Entwicklung<\/li>\n<li>Doktorspiele und Grenzverletzungen unter Kindern<\/li>\n<li>Erste Handlungsschritte nach Grenzverletzung unter Kindern<\/li>\n<\/ul>\n<p>[\/et_pb_accordion_item][et_pb_accordion_item title=&#8220;N\u00e4he und Distanz&#8220; _builder_version=&#8220;4.16&#8243; _module_preset=&#8220;default&#8220; global_colors_info=&#8220;{}&#8220; open=&#8220;off&#8220;]<\/p>\n<ul>\n<li>Wann ist N\u00e4he wichtig?<\/li>\n<li>Wann ist Distanz angemessen?<\/li>\n<li>Unsicherheiten im Alltag<\/li>\n<li>Professioneller Umgang mit N\u00e4he und Distanz<\/li>\n<\/ul>\n<p>[\/et_pb_accordion_item][et_pb_accordion_item title=&#8220;Alles sexy &#8211; Gefahren im Internet&#8220; _builder_version=&#8220;4.16&#8243; _module_preset=&#8220;default&#8220; global_colors_info=&#8220;{}&#8220; open=&#8220;off&#8220;]<\/p>\n<ul>\n<li>Mediennutzung allgemein<\/li>\n<li>M\u00f6gliche Gefahren<\/li>\n<li>Pornographie<\/li>\n<li>Pr\u00e4ventive M\u00f6glichkeiten<\/li>\n<li>Hilfreiche Tipps f\u00fcr Eltern<\/li>\n<\/ul>\n<p>[\/et_pb_accordion_item][\/et_pb_accordion][\/et_pb_column_inner][\/et_pb_row_inner][\/et_pb_column][et_pb_column type=&#8220;1_4&#8243; _builder_version=&#8220;4.16&#8243; custom_padding=&#8220;|||&#8220; global_colors_info=&#8220;{}&#8220; custom_padding__hover=&#8220;|||&#8220;][et_pb_team_member name=&#8220;Kristin H\u00fcls&#8220; image_url=&#8220;https:\/\/www.wendepunkt-freiburg.de\/content\/wp-content\/uploads\/2025\/03\/WEP-Portrait-750&#215;500-202503-Kristin-Huels-Foto-Britt-Schilling-29A2235.jpg&#8220; admin_label=&#8220;Person &#8212; Kristin H\u00fcls&#8220; _builder_version=&#8220;4.27.4&#8243; _module_preset=&#8220;default&#8220; hover_enabled=&#8220;0&#8243; global_colors_info=&#8220;{}&#8220; alt=&#8220;Kristin H\u00fcls &#8211; Beraterin bei WENDEpunkt&#8220; title_text=&#8220;Kristin H\u00fcls &#8211; Beraterin bei WENDEpunkt&#8220; sticky_enabled=&#8220;0&#8243;][\/et_pb_team_member][\/et_pb_column][\/et_pb_section][et_pb_section fb_built=&#8220;1&#8243; specialty=&#8220;on&#8220; admin_label=&#8220;Sektion&#8220; _builder_version=&#8220;4.16&#8243; global_colors_info=&#8220;{}&#8220;][et_pb_column type=&#8220;3_4&#8243; specialty_columns=&#8220;3&#8243; _builder_version=&#8220;4.16&#8243; custom_padding=&#8220;|||&#8220; global_colors_info=&#8220;{}&#8220; custom_padding__hover=&#8220;|||&#8220;][et_pb_row_inner admin_label=&#8220;Zeile&#8220; _builder_version=&#8220;4.16&#8243; background_size=&#8220;initial&#8220; background_position=&#8220;top_left&#8220; background_repeat=&#8220;repeat&#8220; global_colors_info=&#8220;{}&#8220;][et_pb_column_inner saved_specialty_column_type=&#8220;3_4&#8243; _builder_version=&#8220;4.16&#8243; custom_padding=&#8220;|||&#8220; global_colors_info=&#8220;{}&#8220; custom_padding__hover=&#8220;|||&#8220;][et_pb_text admin_label=&#8220;Text &#8212; Schutzkonzept&#8220; _builder_version=&#8220;4.27.0&#8243; use_border_color=&#8220;off&#8220; border_color=&#8220;#ffffff&#8220; border_style=&#8220;solid&#8220; global_colors_info=&#8220;{}&#8220;]<\/p>\n<blockquote>\n<h5>Hat Ihre Institution schon ein Schutzkonzept? Wir unterst\u00fczen Sie dabei.<\/h5>\n<\/blockquote>\n<p>Unterst\u00fctzung bei der Entwicklung eines Schutzkonzeptes f\u00fcr Institutionen. Folgende Inhalte sollen hierf\u00fcr bearbeitet werden:<\/p>\n<p>&nbsp;<\/p>\n<ul>\n<li>Bedarfsanalyse<\/li>\n<li>Standards der Arbeit<\/li>\n<li>Transparenz des Handelns<\/li>\n<li>Beschwerdemanagement<\/li>\n<li>Ablaufpl\u00e4ne f\u00fcr das weitere Handeln innerhalb der Institution<\/li>\n<\/ul>\n<p>[\/et_pb_text][\/et_pb_column_inner][\/et_pb_row_inner][\/et_pb_column][et_pb_column type=&#8220;1_4&#8243; _builder_version=&#8220;4.16&#8243; custom_padding=&#8220;|||&#8220; global_colors_info=&#8220;{}&#8220; custom_padding__hover=&#8220;|||&#8220;][et_pb_team_member name=&#8220;Anja Menner&#8220; image_url=&#8220;https:\/\/www.wendepunkt-freiburg.de\/content\/wp-content\/uploads\/2025\/03\/WEP-Portrait-750&#215;500-202503-Anja-Menner-Foto-Britt-Schilling-29A2235.jpg&#8220; admin_label=&#8220;Person &#8212; Anja Menner&#8220; _builder_version=&#8220;4.27.4&#8243; _module_preset=&#8220;default&#8220; hover_enabled=&#8220;0&#8243; global_colors_info=&#8220;{}&#8220; alt=&#8220;Anja Menner &#8211; Beraterin bei WENDEpunkt&#8220; title_text=&#8220;Anja Menner &#8211; Beraterin bei WENDEpunkt&#8220; sticky_enabled=&#8220;0&#8243;][\/et_pb_team_member][\/et_pb_column][\/et_pb_section]<\/p>\n","protected":false},"excerpt":{"rendered":"<p>Unser Fortbildungsangebot f\u00fcr alle, die haupt- oder ehrenamtlich mit Kindern, Jugendlichen oder erwachsenen Schutzbed\u00fcrftigen arbeitenIndividuell zugeschnittene Fortbildungen Unser umfassendes und spezifisches Fortbildungsangebot richtet sich an alle, die haupt- oder ehrenamtlich mit Kindern, Jugendlichen oder erwachsenen Schutzbed\u00fcrftigen arbeiten. Die einzelnen Bausteine starten bei 3 Stunden, k\u00f6nnen aber auch mehrere Tage umfassen, je nach Bedarf. Unser Trainerteam stellt sich gern auf Ihre spezifischen W\u00fcnsche und Bed\u00fcrfnisse ein und gestaltet mit Ihnen gemeinsam ein individuell zugeschnittenes Konzept. &nbsp; Die Grundlage ist aber immer unser Basiswissen: Definition Strafrecht Zahlen und Fakten zu sexuellem Missbrauch Psychodynamik: \u201eWas passiert zwischen Opfer und T\u00e4ter?\u201c Auswirkungen des sexuellen Missbrauchs und wie kann ich diese erkennen? Individuell zugeschnittene Fortbildungen (Preis auf Anfrage) Pr\u00e4ventionsbotschaften f\u00fcr M\u00e4dchen und Jungen Methoden der pr\u00e4ventiven Arbeit in der Schule Interventionsschritte bei einem Verdacht \u201eWie verhalte ich mich, wenn sich mir ein Kind anvertraut?\u201c Verdachtsabkl\u00e4rung M\u00f6gliche Interventionsschritte Auswirkungen von sexuellen Missbrauch Umgang mit Schuld- und Schamgef\u00fchlen M\u00f6gliche Inhalte Professioneller Umgang mit sexuellen Aktivit\u00e4ten Abgrenzung kindlicher von erwachsener Sexualit\u00e4t Psychosexuelle Entwicklung Doktorspiele und Grenzverletzungen unter Kindern Erste Handlungsschritte nach Grenzverletzung unter Kindern Wann ist N\u00e4he wichtig? Wann ist Distanz angemessen? Unsicherheiten im Alltag Professioneller Umgang mit N\u00e4he und Distanz Mediennutzung allgemein M\u00f6gliche Gefahren Pornographie Pr\u00e4ventive M\u00f6glichkeiten [&hellip;]<\/p>\n","protected":false},"author":1,"featured_media":0,"parent":28749,"menu_order":11,"comment_status":"closed","ping_status":"closed","template":"","meta":{"_et_pb_use_builder":"on","_et_pb_old_content":"","_et_gb_content_width":"","footnotes":""},"class_list":["post-29185","page","type-page","status-publish","hentry"],"_links":{"self":[{"href":"https:\/\/www.wendepunkt-freiburg.de\/content\/wp-json\/wp\/v2\/pages\/29185","targetHints":{"allow":["GET"]}}],"collection":[{"href":"https:\/\/www.wendepunkt-freiburg.de\/content\/wp-json\/wp\/v2\/pages"}],"about":[{"href":"https:\/\/www.wendepunkt-freiburg.de\/content\/wp-json\/wp\/v2\/types\/page"}],"author":[{"embeddable":true,"href":"https:\/\/www.wendepunkt-freiburg.de\/content\/wp-json\/wp\/v2\/users\/1"}],"replies":[{"embeddable":true,"href":"https:\/\/www.wendepunkt-freiburg.de\/content\/wp-json\/wp\/v2\/comments?post=29185"}],"version-history":[{"count":0,"href":"https:\/\/www.wendepunkt-freiburg.de\/content\/wp-json\/wp\/v2\/pages\/29185\/revisions"}],"up":[{"embeddable":true,"href":"https:\/\/www.wendepunkt-freiburg.de\/content\/wp-json\/wp\/v2\/pages\/28749"}],"wp:attachment":[{"href":"https:\/\/www.wendepunkt-freiburg.de\/content\/wp-json\/wp\/v2\/media?parent=29185"}],"curies":[{"name":"wp","href":"https:\/\/api.w.org\/{rel}","templated":true}]}}